{"id":5,"date":"2023-03-19T22:56:07","date_gmt":"2023-03-20T01:56:07","guid":{"rendered":"https:\/\/fpabramo.org.br\/reconexaoperiferias\/?page_id=5"},"modified":"2024-02-07T16:51:19","modified_gmt":"2024-02-07T19:51:19","slug":"contato","status":"publish","type":"page","link":"https:\/\/fpabramo.org.br\/reconexaoperiferias\/contato\/","title":{"rendered":"Contato"},"content":{"rendered":"<div class=\"breadcrumb\"><a href=\"https:\/\/fpabramo.org.br\/reconexaoperiferias\" rel=\"nofollow\">In\u00edcio<\/a><\/div><!-- .breadcrumb -->\n\n\n\n<div class=\"wp-block-columns colunas is-layout-flex wp-container-core-columns-is-layout-4 wp-block-columns-is-layout-flex\" style=\"padding-top:50px\">\n<div class=\"wp-block-column left is-layout-flow wp-block-column-is-layout-flow\">\n<h2 class=\"wp-block-heading has-text-align-left has-secondary-dark-color has-text-color has-really-large-font-size\">Contato<\/h2>\n\n\n\n<div class=\"wp-block-columns are-vertically-aligned-bottom title is-layout-flex wp-container-core-columns-is-layout-1 wp-block-columns-is-layout-flex\">\n<div class=\"wp-block-column is-vertically-aligned-bottom is-layout-flow wp-block-column-is-layout-flow\">\n<p>Contato por e-mail: <strong>reconexaoperiferias@fpa.org.br<\/strong><\/p>\n<\/div>\n<\/div>\n\n\n\n<p class=\"redes-sociais-desktop\">REDES SOCIAIS:<\/p>\n\n\n\n<div class=\"wp-block-columns icones-redes-desktop is-layout-flex wp-container-core-columns-is-layout-2 wp-block-columns-is-layout-flex\">\n<div class=\"wp-block-column is-layout-flow wp-block-column-is-layout-flow\">\n<figure class=\"wp-block-image size-full\"><a href=\"https:\/\/www.facebook.com\/reconexaoperiferias\/?locale=pt_BR\"><img loading=\"lazy\" decoding=\"async\" width=\"24\" height=\"24\" src=\"https:\/\/fpabramo.org.br\/reconexaoperiferias\/wp-content\/uploads\/2023\/03\/facebook-f.png\" alt=\"\" class=\"wp-image-273\"\/><\/a><\/figure>\n<\/div>\n\n\n\n<div class=\"wp-block-column is-layout-flow wp-block-column-is-layout-flow\">\n<figure class=\"wp-block-image size-full\"><a href=\"https:\/\/www.instagram.com\/reconexaoperiferiasfpa\/\"><img loading=\"lazy\" decoding=\"async\" width=\"25\" height=\"24\" src=\"https:\/\/fpabramo.org.br\/reconexaoperiferias\/wp-content\/uploads\/2023\/03\/instagram-1.png\" alt=\"\" class=\"wp-image-274\"\/><\/a><\/figure>\n<\/div>\n\n\n\n<div class=\"wp-block-column is-layout-flow wp-block-column-is-layout-flow\">\n<figure class=\"wp-block-image size-full\"><a href=\"https:\/\/www.youtube.com\/playlist?list=PLtsJqckMj3D6WLk78dgSANDnsTDGAMjZh\"><img loading=\"lazy\" decoding=\"async\" width=\"24\" height=\"24\" src=\"https:\/\/fpabramo.org.br\/reconexaoperiferias\/wp-content\/uploads\/2023\/03\/mdi_youtube-1.png\" alt=\"\" class=\"wp-image-275\"\/><\/a><\/figure>\n<\/div>\n<\/div>\n<\/div>\n\n\n\n<div class=\"wp-block-column form is-layout-flow wp-block-column-is-layout-flow\">\n<div class=\"wp-block-contact-form-7-contact-form-selector\">\n<div class=\"wpcf7 no-js\" id=\"wpcf7-f9-o1\" lang=\"pt-BR\" dir=\"ltr\">\n<div class=\"screen-reader-response\"><p role=\"status\" aria-live=\"polite\" aria-atomic=\"true\"><\/p> <ul><\/ul><\/div>\n<form action=\"\/reconexaoperiferias\/wp-json\/wp\/v2\/pages\/5#wpcf7-f9-o1\" method=\"post\" class=\"wpcf7-form init\" aria-label=\"Formul\u00e1rios de contato\" novalidate=\"novalidate\" data-status=\"init\">\n<div style=\"display: none;\">\n<input type=\"hidden\" name=\"_wpcf7\" value=\"9\" \/>\n<input type=\"hidden\" name=\"_wpcf7_version\" value=\"5.9.8\" \/>\n<input type=\"hidden\" name=\"_wpcf7_locale\" value=\"pt_BR\" \/>\n<input type=\"hidden\" name=\"_wpcf7_unit_tag\" value=\"wpcf7-f9-o1\" \/>\n<input type=\"hidden\" name=\"_wpcf7_container_post\" value=\"0\" \/>\n<input type=\"hidden\" name=\"_wpcf7_posted_data_hash\" value=\"\" \/>\n<input type=\"hidden\" name=\"_wpcf7cf_hidden_group_fields\" value=\"[]\" \/>\n<input type=\"hidden\" name=\"_wpcf7cf_hidden_groups\" value=\"[]\" \/>\n<input type=\"hidden\" name=\"_wpcf7cf_visible_groups\" value=\"[]\" \/>\n<input type=\"hidden\" name=\"_wpcf7cf_repeaters\" value=\"[]\" \/>\n<input type=\"hidden\" name=\"_wpcf7cf_steps\" value=\"{}\" \/>\n<input type=\"hidden\" name=\"_wpcf7cf_options\" value=\"{&quot;form_id&quot;:9,&quot;conditions&quot;:[],&quot;settings&quot;:{&quot;animation&quot;:&quot;yes&quot;,&quot;animation_intime&quot;:200,&quot;animation_outtime&quot;:200,&quot;conditions_ui&quot;:&quot;normal&quot;,&quot;notice_dismissed&quot;:false,&quot;notice_dismissed_rollback-cf7-5.9.6&quot;:true}}\" \/>\n<input type=\"hidden\" name=\"_wpcf7_recaptcha_response\" value=\"\" \/>\n<\/div>\n<div class='dados'>\n\t<p><label><br \/>\n<span class=\"wpcf7-form-control-wrap\" data-name=\"your-name\"><input size=\"40\" maxlength=\"400\" class=\"wpcf7-form-control wpcf7-text wpcf7-validates-as-required\" aria-required=\"true\" aria-invalid=\"false\" placeholder=\"Seu nome\" value=\"\" type=\"text\" name=\"your-name\" \/><\/span> <\/label>\n\t<\/p>\n\t<p><label><br \/>\n<span class=\"wpcf7-form-control-wrap\" data-name=\"your-email\"><input size=\"40\" maxlength=\"400\" class=\"wpcf7-form-control wpcf7-email wpcf7-validates-as-required wpcf7-text wpcf7-validates-as-email\" aria-required=\"true\" aria-invalid=\"false\" placeholder=\"Seu e-mail\" value=\"\" type=\"email\" name=\"your-email\" \/><\/span> <\/label>\n\t<\/p>\n<\/div>\n<p><label><br \/>\n<span class=\"wpcf7-form-control-wrap\" data-name=\"your-message\"><textarea cols=\"40\" rows=\"10\" maxlength=\"2000\" class=\"wpcf7-form-control wpcf7-textarea\" aria-invalid=\"false\" placeholder=\"Sua mensagem\" name=\"your-message\"><\/textarea><\/span> <\/label><br \/>\n\n<\/p>\n<div class='button'>\n\t<p><input class=\"wpcf7-form-control wpcf7-submit has-spinner\" type=\"submit\" value=\"Enviar\" \/>\n\t<\/p>\n<\/div><div class=\"wpcf7-response-output\" aria-hidden=\"true\"><\/div>\n<\/form>\n<\/div>\n<\/div>\n\n\n\n<p class=\"redes-sociais-mobile\">REDES SOCIAIS:<\/p>\n\n\n\n<div class=\"wp-block-columns icones-redes-mobile is-layout-flex wp-container-core-columns-is-layout-3 wp-block-columns-is-layout-flex\">\n<div class=\"wp-block-column is-layout-flow wp-block-column-is-layout-flow\">\n<figure class=\"wp-block-image size-full\"><a href=\"https:\/\/www.facebook.com\/reconexaoperiferias\/?locale=pt_BR\"><img loading=\"lazy\" decoding=\"async\" width=\"24\" height=\"24\" src=\"https:\/\/fpabramo.org.br\/reconexaoperiferias\/wp-content\/uploads\/2023\/03\/facebook-f.png\" alt=\"\" class=\"wp-image-273\"\/><\/a><\/figure>\n<\/div>\n\n\n\n<div class=\"wp-block-column is-layout-flow wp-block-column-is-layout-flow\">\n<figure class=\"wp-block-image size-full\"><a href=\"https:\/\/www.instagram.com\/reconexaoperiferiasfpa\/\"><img loading=\"lazy\" decoding=\"async\" width=\"25\" height=\"24\" src=\"https:\/\/fpabramo.org.br\/reconexaoperiferias\/wp-content\/uploads\/2023\/03\/instagram-1.png\" alt=\"\" class=\"wp-image-274\"\/><\/a><\/figure>\n<\/div>\n\n\n\n<div class=\"wp-block-column is-layout-flow wp-block-column-is-layout-flow\">\n<figure class=\"wp-block-image size-full\"><a href=\"https:\/\/www.youtube.com\/playlist?list=PLtsJqckMj3D6WLk78dgSANDnsTDGAMjZh\"><img loading=\"lazy\" decoding=\"async\" width=\"24\" height=\"24\" src=\"https:\/\/fpabramo.org.br\/reconexaoperiferias\/wp-content\/uploads\/2023\/03\/mdi_youtube-1.png\" alt=\"\" class=\"wp-image-275\"\/><\/a><\/figure>\n<\/div>\n<\/div>\n<\/div>\n<\/div>\n","protected":false},"excerpt":{"rendered":"<p>Contato Contato por e-mail: reconexaoperiferias@fpa.org.br REDES SOCIAIS: REDES SOCIAIS:<\/p>\n","protected":false},"author":1,"featured_media":0,"parent":0,"menu_order":0,"comment_status":"closed","ping_status":"closed","template":"","meta":{"footnotes":"","_related_point":[]},"coauthors":[4],"class_list":["post-5","page","type-page","status-publish","hentry"],"yoast_head":"<!-- This site is optimized with the Yoast SEO Premium plugin v23.2 (Yoast SEO v23.4) - https:\/\/yoast.com\/wordpress\/plugins\/seo\/ -->\n<title>Contato - Reconex\u00e3o Periferias<\/title>\n<meta name=\"robots\" content=\"index, follow, max-snippet:-1, max-image-preview:large, max-video-preview:-1\" \/>\n<link rel=\"canonical\" href=\"https:\/\/fpabramo.org.br\/reconexaoperiferias\/contato\/\" \/>\n<meta property=\"og:locale\" content=\"pt_BR\" \/>\n<meta property=\"og:type\" content=\"article\" \/>\n<meta property=\"og:title\" content=\"Contato\" \/>\n<meta property=\"og:description\" content=\"Contato Contato por e-mail: reconexaoperiferias@fpa.org.br REDES SOCIAIS: REDES SOCIAIS:\" \/>\n<meta property=\"og:url\" content=\"https:\/\/fpabramo.org.br\/reconexaoperiferias\/contato\/\" \/>\n<meta property=\"og:site_name\" content=\"Reconex\u00e3o Periferias\" \/>\n<meta property=\"article:publisher\" content=\"https:\/\/web.facebook.com\/reconexaoperiferias\/\" \/>\n<meta property=\"article:modified_time\" content=\"2024-02-07T19:51:19+00:00\" \/>\n<meta property=\"og:image\" content=\"https:\/\/fpabramo.org.br\/reconexaoperiferias\/wp-content\/uploads\/2023\/03\/facebook-f.png\" \/>\n<meta name=\"twitter:card\" content=\"summary_large_image\" \/>\n<meta name=\"twitter:label1\" content=\"Est. tempo de leitura\" \/>\n\t<meta name=\"twitter:data1\" content=\"2 minutos\" \/>\n\t<meta name=\"twitter:label2\" content=\"Written by\" \/>\n\t<meta name=\"twitter:data2\" content=\"hacklab\" \/>\n<script type=\"application\/ld+json\" class=\"yoast-schema-graph\">{\"@context\":\"https:\/\/schema.org\",\"@graph\":[{\"@type\":\"WebPage\",\"@id\":\"https:\/\/fpabramo.org.br\/reconexaoperiferias\/contato\/\",\"url\":\"https:\/\/fpabramo.org.br\/reconexaoperiferias\/contato\/\",\"name\":\"Contato - Reconex\u00e3o Periferias\",\"isPartOf\":{\"@id\":\"https:\/\/fpabramo.org.br\/reconexaoperiferias\/#website\"},\"primaryImageOfPage\":{\"@id\":\"https:\/\/fpabramo.org.br\/reconexaoperiferias\/contato\/#primaryimage\"},\"image\":{\"@id\":\"https:\/\/fpabramo.org.br\/reconexaoperiferias\/contato\/#primaryimage\"},\"thumbnailUrl\":\"https:\/\/fpabramo.org.br\/reconexaoperiferias\/wp-content\/uploads\/2023\/03\/facebook-f.png\",\"datePublished\":\"2023-03-20T01:56:07+00:00\",\"dateModified\":\"2024-02-07T19:51:19+00:00\",\"breadcrumb\":{\"@id\":\"https:\/\/fpabramo.org.br\/reconexaoperiferias\/contato\/#breadcrumb\"},\"inLanguage\":\"pt-BR\",\"potentialAction\":[{\"@type\":\"ReadAction\",\"target\":[\"https:\/\/fpabramo.org.br\/reconexaoperiferias\/contato\/\"]}]},{\"@type\":\"ImageObject\",\"inLanguage\":\"pt-BR\",\"@id\":\"https:\/\/fpabramo.org.br\/reconexaoperiferias\/contato\/#primaryimage\",\"url\":\"https:\/\/fpabramo.org.br\/reconexaoperiferias\/wp-content\/uploads\/2023\/03\/facebook-f.png\",\"contentUrl\":\"https:\/\/fpabramo.org.br\/reconexaoperiferias\/wp-content\/uploads\/2023\/03\/facebook-f.png\",\"width\":24,\"height\":24},{\"@type\":\"BreadcrumbList\",\"@id\":\"https:\/\/fpabramo.org.br\/reconexaoperiferias\/contato\/#breadcrumb\",\"itemListElement\":[{\"@type\":\"ListItem\",\"position\":1,\"name\":\"In\u00edcio\",\"item\":\"https:\/\/fpabramo.org.br\/reconexaoperiferias\/\"},{\"@type\":\"ListItem\",\"position\":2,\"name\":\"Contato\"}]},{\"@type\":\"WebSite\",\"@id\":\"https:\/\/fpabramo.org.br\/reconexaoperiferias\/#website\",\"url\":\"https:\/\/fpabramo.org.br\/reconexaoperiferias\/\",\"name\":\"Reconex\u00e3o Periferias\",\"description\":\"Funda\u00e7\u00e3o Perseu Abramo\",\"publisher\":{\"@id\":\"https:\/\/fpabramo.org.br\/reconexaoperiferias\/#organization\"},\"potentialAction\":[{\"@type\":\"SearchAction\",\"target\":{\"@type\":\"EntryPoint\",\"urlTemplate\":\"https:\/\/fpabramo.org.br\/reconexaoperiferias\/?s={search_term_string}\"},\"query-input\":{\"@type\":\"PropertyValueSpecification\",\"valueRequired\":true,\"valueName\":\"search_term_string\"}}],\"inLanguage\":\"pt-BR\"},{\"@type\":\"Organization\",\"@id\":\"https:\/\/fpabramo.org.br\/reconexaoperiferias\/#organization\",\"name\":\"Reconex\u00e3o Periferias\",\"url\":\"https:\/\/fpabramo.org.br\/reconexaoperiferias\/\",\"logo\":{\"@type\":\"ImageObject\",\"inLanguage\":\"pt-BR\",\"@id\":\"https:\/\/fpabramo.org.br\/reconexaoperiferias\/#\/schema\/logo\/image\/\",\"url\":\"https:\/\/fpabramo.org.br\/reconexaoperiferias\/wp-content\/uploads\/2023\/03\/Frame.png\",\"contentUrl\":\"https:\/\/fpabramo.org.br\/reconexaoperiferias\/wp-content\/uploads\/2023\/03\/Frame.png\",\"width\":312,\"height\":277,\"caption\":\"Reconex\u00e3o Periferias\"},\"image\":{\"@id\":\"https:\/\/fpabramo.org.br\/reconexaoperiferias\/#\/schema\/logo\/image\/\"},\"sameAs\":[\"https:\/\/web.facebook.com\/reconexaoperiferias\/\"]}]}<\/script>\n<!-- \/ Yoast SEO Premium plugin. -->","yoast_head_json":{"title":"Contato - Reconex\u00e3o Periferias","robots":{"index":"index","follow":"follow","max-snippet":"max-snippet:-1","max-image-preview":"max-image-preview:large","max-video-preview":"max-video-preview:-1"},"canonical":"https:\/\/fpabramo.org.br\/reconexaoperiferias\/contato\/","og_locale":"pt_BR","og_type":"article","og_title":"Contato","og_description":"Contato Contato por e-mail: reconexaoperiferias@fpa.org.br REDES SOCIAIS: REDES SOCIAIS:","og_url":"https:\/\/fpabramo.org.br\/reconexaoperiferias\/contato\/","og_site_name":"Reconex\u00e3o Periferias","article_publisher":"https:\/\/web.facebook.com\/reconexaoperiferias\/","article_modified_time":"2024-02-07T19:51:19+00:00","og_image":[{"url":"https:\/\/fpabramo.org.br\/reconexaoperiferias\/wp-content\/uploads\/2023\/03\/facebook-f.png"}],"twitter_card":"summary_large_image","twitter_misc":{"Est. tempo de leitura":"2 minutos","Written by":"hacklab"},"schema":{"@context":"https:\/\/schema.org","@graph":[{"@type":"WebPage","@id":"https:\/\/fpabramo.org.br\/reconexaoperiferias\/contato\/","url":"https:\/\/fpabramo.org.br\/reconexaoperiferias\/contato\/","name":"Contato - Reconex\u00e3o Periferias","isPartOf":{"@id":"https:\/\/fpabramo.org.br\/reconexaoperiferias\/#website"},"primaryImageOfPage":{"@id":"https:\/\/fpabramo.org.br\/reconexaoperiferias\/contato\/#primaryimage"},"image":{"@id":"https:\/\/fpabramo.org.br\/reconexaoperiferias\/contato\/#primaryimage"},"thumbnailUrl":"https:\/\/fpabramo.org.br\/reconexaoperiferias\/wp-content\/uploads\/2023\/03\/facebook-f.png","datePublished":"2023-03-20T01:56:07+00:00","dateModified":"2024-02-07T19:51:19+00:00","breadcrumb":{"@id":"https:\/\/fpabramo.org.br\/reconexaoperiferias\/contato\/#breadcrumb"},"inLanguage":"pt-BR","potentialAction":[{"@type":"ReadAction","target":["https:\/\/fpabramo.org.br\/reconexaoperiferias\/contato\/"]}]},{"@type":"ImageObject","inLanguage":"pt-BR","@id":"https:\/\/fpabramo.org.br\/reconexaoperiferias\/contato\/#primaryimage","url":"https:\/\/fpabramo.org.br\/reconexaoperiferias\/wp-content\/uploads\/2023\/03\/facebook-f.png","contentUrl":"https:\/\/fpabramo.org.br\/reconexaoperiferias\/wp-content\/uploads\/2023\/03\/facebook-f.png","width":24,"height":24},{"@type":"BreadcrumbList","@id":"https:\/\/fpabramo.org.br\/reconexaoperiferias\/contato\/#breadcrumb","itemListElement":[{"@type":"ListItem","position":1,"name":"In\u00edcio","item":"https:\/\/fpabramo.org.br\/reconexaoperiferias\/"},{"@type":"ListItem","position":2,"name":"Contato"}]},{"@type":"WebSite","@id":"https:\/\/fpabramo.org.br\/reconexaoperiferias\/#website","url":"https:\/\/fpabramo.org.br\/reconexaoperiferias\/","name":"Reconex\u00e3o Periferias","description":"Funda\u00e7\u00e3o Perseu Abramo","publisher":{"@id":"https:\/\/fpabramo.org.br\/reconexaoperiferias\/#organization"},"potentialAction":[{"@type":"SearchAction","target":{"@type":"EntryPoint","urlTemplate":"https:\/\/fpabramo.org.br\/reconexaoperiferias\/?s={search_term_string}"},"query-input":{"@type":"PropertyValueSpecification","valueRequired":true,"valueName":"search_term_string"}}],"inLanguage":"pt-BR"},{"@type":"Organization","@id":"https:\/\/fpabramo.org.br\/reconexaoperiferias\/#organization","name":"Reconex\u00e3o Periferias","url":"https:\/\/fpabramo.org.br\/reconexaoperiferias\/","logo":{"@type":"ImageObject","inLanguage":"pt-BR","@id":"https:\/\/fpabramo.org.br\/reconexaoperiferias\/#\/schema\/logo\/image\/","url":"https:\/\/fpabramo.org.br\/reconexaoperiferias\/wp-content\/uploads\/2023\/03\/Frame.png","contentUrl":"https:\/\/fpabramo.org.br\/reconexaoperiferias\/wp-content\/uploads\/2023\/03\/Frame.png","width":312,"height":277,"caption":"Reconex\u00e3o Periferias"},"image":{"@id":"https:\/\/fpabramo.org.br\/reconexaoperiferias\/#\/schema\/logo\/image\/"},"sameAs":["https:\/\/web.facebook.com\/reconexaoperiferias\/"]}]}},"_links":{"self":[{"href":"https:\/\/fpabramo.org.br\/reconexaoperiferias\/wp-json\/wp\/v2\/pages\/5"}],"collection":[{"href":"https:\/\/fpabramo.org.br\/reconexaoperiferias\/wp-json\/wp\/v2\/pages"}],"about":[{"href":"https:\/\/fpabramo.org.br\/reconexaoperiferias\/wp-json\/wp\/v2\/types\/page"}],"author":[{"embeddable":true,"href":"https:\/\/fpabramo.org.br\/reconexaoperiferias\/wp-json\/wp\/v2\/users\/1"}],"replies":[{"embeddable":true,"href":"https:\/\/fpabramo.org.br\/reconexaoperiferias\/wp-json\/wp\/v2\/comments?post=5"}],"version-history":[{"count":14,"href":"https:\/\/fpabramo.org.br\/reconexaoperiferias\/wp-json\/wp\/v2\/pages\/5\/revisions"}],"predecessor-version":[{"id":25745,"href":"https:\/\/fpabramo.org.br\/reconexaoperiferias\/wp-json\/wp\/v2\/pages\/5\/revisions\/25745"}],"wp:attachment":[{"href":"https:\/\/fpabramo.org.br\/reconexaoperiferias\/wp-json\/wp\/v2\/media?parent=5"}],"wp:term":[{"taxonomy":"author","embeddable":true,"href":"https:\/\/fpabramo.org.br\/reconexaoperiferias\/wp-json\/wp\/v2\/coauthors?post=5"}],"curies":[{"name":"wp","href":"https:\/\/api.w.org\/{rel}","templated":true}]}}