{"id":90279,"date":"2024-09-12T17:28:15","date_gmt":"2024-09-12T20:28:15","guid":{"rendered":"https:\/\/fpabramo.org.br\/sobre-o-noppe\/"},"modified":"2026-02-10T15:43:01","modified_gmt":"2026-02-10T18:43:01","slug":"sobre-o-noppe","status":"publish","type":"page","link":"https:\/\/fpabramo.org.br\/es\/sobre-o-noppe\/","title":{"rendered":"Acerca de NOPPE"},"content":{"rendered":"\n<div style=\"background-image:url(&apos;https:\/\/fpabramo.org.br\/wp-content\/uploads\/2025\/11\/bgPesquisas.png&apos;);background-size:cover;\" class=\"wp-block-group alignfull is-layout-constrained wp-block-group-is-layout-constrained has-background\">\n<div class=\"wp-block-columns alignwide are-vertically-aligned-center is-layout-flex wp-container-core-columns-is-layout-28f84493 wp-block-columns-is-layout-flex\">\n<div class=\"wp-block-column is-vertically-aligned-center is-layout-flow wp-block-column-is-layout-flow\">\n<h2 class=\"wp-block-heading has-secondary-light-color has-text-color has-link-color has-xx-large-font-size wp-elements-f31fddeeb2d64f4ae441fee5f27c5bf0\" style=\"padding-left:1rem;font-style:normal;font-weight:400\">Opini\u00f3n p\u00fablica<\/h2>\n<\/div>\n\n\n\n<div class=\"wp-block-column is-vertically-aligned-center is-layout-flow wp-block-column-is-layout-flow\">\n<p class=\"has-secondary-light-color has-text-color has-link-color has-medium-font-size wp-elements-60526eeb58218e8b8f247f6b2105c759\" style=\"font-style:normal;font-weight:700\">Desde 1997, el Centro de Opini\u00f3n P\u00fablica, Investigaci\u00f3n y Estudios (NOPPE) ha estado investigando temas importantes para el debate p\u00fablico, haciendo contribuciones significativas.<\/p>\n<\/div>\n<\/div>\n<\/div>\n\n\n\n<figure class=\"wp-block-image size-medium\"><img loading=\"lazy\" decoding=\"async\" width=\"300\" height=\"128\" src=\"https:\/\/fpabramo.org.br\/wp-content\/uploads\/2026\/01\/logo-noppe-768x329-1-2-300x128.webp\" alt=\"\" class=\"wp-image-90335\" srcset=\"https:\/\/fpabramo.org.br\/wp-content\/uploads\/2026\/01\/logo-noppe-768x329-1-2-300x128.webp 300w, https:\/\/fpabramo.org.br\/wp-content\/uploads\/2026\/01\/logo-noppe-768x329-1-2-150x64.webp 150w, https:\/\/fpabramo.org.br\/wp-content\/uploads\/2026\/01\/logo-noppe-768x329-1-2.webp 316w\" sizes=\"auto, (max-width: 300px) 100vw, 300px\" \/><\/figure>\n\n\n\n<h2 class=\"wp-block-heading has-text-align-center\">Acerca de NOPPE<\/h2>\n\n\n\n<p>El NOPPE, fundado en 1997, cuenta con una s\u00f3lida trayectoria investigadora. En sus dos d\u00e9cadas y media de existencia, ha investigado temas como la juventud brasile\u00f1a, el racismo en Brasil, la problem\u00e1tica ind\u00edgena, las mujeres y la violencia de g\u00e9nero, la tercera edad, la diversidad sexual y la homofobia, y la cultura pol\u00edtica brasile\u00f1a, realizando importantes contribuciones al debate p\u00fablico nacional en cada etapa. Durante los \u00faltimos tres a\u00f1os, hemos organizado nuestro trabajo para elaborar diagn\u00f3sticos que permitan comprender las trayectorias de la opini\u00f3n p\u00fablica: qu\u00e9 tendencias ha seguido el electorado, qu\u00e9 valores ha mantenido y reproducido. Para ello, hemos estructurado nuestros estudios en tres l\u00edneas principales:<\/p>\n\n\n\n<ul class=\"wp-block-list\">\n<li>El primero consiste en el seguimiento de las encuestas de opini\u00f3n publicadas por los principales institutos (DataFolha, IPESPE, Quaest, IPEC, entre otros). Con este enfoque, tambi\u00e9n buscamos generar un debate metodol\u00f3gico, en el que analizamos el impacto de la elecci\u00f3n de los m\u00e9todos en los resultados finales de cada encuesta.<\/li>\n\n\n\n<li>La segunda iniciativa es el proyecto de investigaci\u00f3n \u00abMujeres y G\u00e9nero en los Espacios P\u00fablicos y Privados\u00bb, 3.\u00aa Edici\u00f3n, en colaboraci\u00f3n con el SESC\/SP. La primera edici\u00f3n de esta investigaci\u00f3n se lanz\u00f3 en 2001, la segunda en 2010, y este a\u00f1o se cumple la tercera d\u00e9cada de este estudio. Los resultados de la investigaci\u00f3n (tanto en su fase cualitativa como cuantitativa) se publicar\u00e1n a finales de 2023.<\/li>\n\n\n\n<li>La tercera \u00e1rea de trabajo es la investigaci\u00f3n cualitativa y cuantitativa sobre cultura pol\u00edtica. En 2023, colaboramos con las fundaciones de partidos Lauro Campos y Marielle Franco (PSOL), Mauricio Grabois (PCdoB) y Rosa Luxemburg (Die Linke &#8211; La Izquierda) para profundizar nuestra comprensi\u00f3n de los cambios en la sociedad brasile\u00f1a. En el Centro de An\u00e1lisis de la Sociedad Brasile\u00f1a (CASB), elaboramos diagn\u00f3sticos para ayudar a los partidos y al gobierno en la tarea de democratizar la sociedad y las instituciones, y en la organizaci\u00f3n del campo democr\u00e1tico popular.<\/li>\n<\/ul>\n\n\n\n<p>En NOPPE creemos que una investigaci\u00f3n bien realizada puede mejorar nuestra comprensi\u00f3n de la realidad y contribuir a su transformaci\u00f3n. La investigaci\u00f3n debe ser un instrumento para cualificar la reflexi\u00f3n y la intervenci\u00f3n pol\u00edtica con miras a superar las desigualdades e injusticias que caracterizan nuestra sociedad.<\/p>\n\n\n\n<div class=\"wp-block-buttons is-content-justification-center is-layout-flex wp-container-core-buttons-is-layout-a89b3969 wp-block-buttons-is-layout-flex\">\n<div class=\"wp-block-button\"><a class=\"wp-block-button__link has-secondary-light-color has-primary-pure-background-color has-text-color has-background has-link-color wp-element-button\" style=\"font-style:normal;font-weight:700\">Accede a las b\u00fasquedas<img loading=\"lazy\" decoding=\"async\" width=\"24\" height=\"24\" class=\"wp-image-90337\" style=\"width: 24px;\" src=\"https:\/\/fpabramo.org.br\/wp-content\/uploads\/2026\/01\/finance-1.webp\" alt=\"\"><\/a><\/div>\n<\/div>\n\n\n\n<h2 class=\"wp-block-heading has-x-large-font-size\">Equipo<\/h2>\n\n\n\n<p class=\"has-secondary-font-family\" style=\"font-size:18px\"><strong>Carlos Henrique \u00c1rabe<\/strong><br>Diretor<\/p>\n\n\n\n<p class=\"has-secondary-font-family\" style=\"font-size:18px\"><strong>Matheus Tancredo Toledo<\/strong><br>Coordinador<\/p>\n\n\n\n<p class=\"has-secondary-font-family\" style=\"font-size:18px\"><strong>Sofia Helena Monteiro de Toledo Costa<\/strong><br>Analista<\/p>\n\n\n\n<p class=\"has-secondary-font-family\" style=\"font-size:18px\"><strong>Giovanna Marquesano Taban\u00eas<\/strong><br>Analista<\/p>\n\n\n\n<p class=\"has-secondary-font-family\" style=\"font-size:18px\"><strong>Pedro Xavier da Silva<\/strong><br>Pasante<\/p>\n","protected":false},"excerpt":{"rendered":"<p>Opini\u00f3n p\u00fablica Desde 1997, el Centro de Opini\u00f3n P\u00fablica, Investigaci\u00f3n y Estudios (NOPPE) ha estado investigando temas importantes para el debate p\u00fablico, haciendo contribuciones significativas. Acerca de NOPPE El NOPPE, fundado en 1997, cuenta con una s\u00f3lida trayectoria investigadora. En sus dos d\u00e9cadas y media de existencia, ha investigado temas como la juventud brasile\u00f1a, el [&hellip;]<\/p>\n","protected":false},"author":1,"featured_media":0,"parent":0,"menu_order":0,"comment_status":"closed","ping_status":"closed","template":"","meta":{"_eb_attr":"","footnotes":""},"categories":[],"area":[133],"projeto":[],"tema":[],"coauthors":[85,7007],"class_list":["post-90279","page","type-page","status-publish","hentry","area-noppe"],"_links":{"self":[{"href":"https:\/\/fpabramo.org.br\/es\/wp-json\/wp\/v2\/pages\/90279","targetHints":{"allow":["GET"]}}],"collection":[{"href":"https:\/\/fpabramo.org.br\/es\/wp-json\/wp\/v2\/pages"}],"about":[{"href":"https:\/\/fpabramo.org.br\/es\/wp-json\/wp\/v2\/types\/page"}],"author":[{"embeddable":true,"href":"https:\/\/fpabramo.org.br\/es\/wp-json\/wp\/v2\/users\/1"}],"replies":[{"embeddable":true,"href":"https:\/\/fpabramo.org.br\/es\/wp-json\/wp\/v2\/comments?post=90279"}],"version-history":[{"count":0,"href":"https:\/\/fpabramo.org.br\/es\/wp-json\/wp\/v2\/pages\/90279\/revisions"}],"wp:attachment":[{"href":"https:\/\/fpabramo.org.br\/es\/wp-json\/wp\/v2\/media?parent=90279"}],"wp:term":[{"taxonomy":"category","embeddable":true,"href":"https:\/\/fpabramo.org.br\/es\/wp-json\/wp\/v2\/categories?post=90279"},{"taxonomy":"area","embeddable":true,"href":"https:\/\/fpabramo.org.br\/es\/wp-json\/wp\/v2\/area?post=90279"},{"taxonomy":"projeto","embeddable":true,"href":"https:\/\/fpabramo.org.br\/es\/wp-json\/wp\/v2\/projeto?post=90279"},{"taxonomy":"tema","embeddable":true,"href":"https:\/\/fpabramo.org.br\/es\/wp-json\/wp\/v2\/tema?post=90279"},{"taxonomy":"author","embeddable":true,"href":"https:\/\/fpabramo.org.br\/es\/wp-json\/wp\/v2\/coauthors?post=90279"}],"curies":[{"name":"wp","href":"https:\/\/api.w.org\/{rel}","templated":true}]}}