{"id":146646,"date":"2023-03-20T15:55:17","date_gmt":"2023-03-20T18:55:17","guid":{"rendered":"https:\/\/fpabramo.org.br\/sobre-o-projeto\/"},"modified":"2026-03-19T08:28:58","modified_gmt":"2026-03-19T11:28:58","slug":"sobre-o-reconexao-periferias","status":"publish","type":"page","link":"https:\/\/fpabramo.org.br\/es\/reconexaoperiferias\/sobre-o-reconexao-periferias\/","title":{"rendered":"Sobre el Reconex\u00e3o Periferias"},"content":{"rendered":"\n<div class=\"wp-block-cover alignfull banner-reconexao\" style=\"margin-top:-32px;min-height:100px;aspect-ratio:unset;\"><img loading=\"lazy\" decoding=\"async\" width=\"1440\" height=\"120\" class=\"wp-block-cover__image-background wp-image-90363 size-full\" alt=\"\" src=\"https:\/\/fpabramo.org.br\/wp-content\/uploads\/2026\/01\/bannerRP-2.webp\" data-object-fit=\"cover\" srcset=\"https:\/\/fpabramo.org.br\/wp-content\/uploads\/2026\/01\/bannerRP-2.webp 1440w, https:\/\/fpabramo.org.br\/wp-content\/uploads\/2026\/01\/bannerRP-2-300x25.webp 300w, https:\/\/fpabramo.org.br\/wp-content\/uploads\/2026\/01\/bannerRP-2-1024x85.webp 1024w, https:\/\/fpabramo.org.br\/wp-content\/uploads\/2026\/01\/bannerRP-2-150x13.webp 150w, https:\/\/fpabramo.org.br\/wp-content\/uploads\/2026\/01\/bannerRP-2-768x64.webp 768w\" sizes=\"auto, (max-width: 1440px) 100vw, 1440px\" \/><span aria-hidden=\"true\" class=\"wp-block-cover__background has-background-dim-0 has-background-dim\" style=\"background-color:#b93334\"><\/span><div class=\"wp-block-cover__inner-container is-layout-constrained wp-block-cover-is-layout-constrained\">\n<div class=\"wp-block-group is-content-justification-right is-layout-constrained wp-container-core-group-is-layout-f1f2ed93 wp-block-group-is-layout-constrained\">\n<h2 class=\"wp-block-heading has-large-font-size\" style=\"font-style:normal;font-weight:300\">Plataforma de datos sobre las periferias de Brasil:<\/h2>\n\n\n\n<h2 class=\"wp-block-heading has-large-font-size\">CULTURA POL\u00cdTICA, TRABAJO e VIOLENCIA<\/h2>\n<\/div>\n<\/div><\/div>\n\n\n\n<div class=\"wp-block-cover alignfull reconexao-banner-mobile\" style=\"margin-top:-32px;min-height:150px;aspect-ratio:unset;\"><img loading=\"lazy\" decoding=\"async\" width=\"390\" height=\"200\" class=\"wp-block-cover__image-background wp-image-90365 size-full\" alt=\"\" src=\"https:\/\/fpabramo.org.br\/wp-content\/uploads\/2026\/01\/fundo-home-reconexao-mobile-1.webp\" data-object-fit=\"cover\" srcset=\"https:\/\/fpabramo.org.br\/wp-content\/uploads\/2026\/01\/fundo-home-reconexao-mobile-1.webp 390w, https:\/\/fpabramo.org.br\/wp-content\/uploads\/2026\/01\/fundo-home-reconexao-mobile-1-300x154.webp 300w, https:\/\/fpabramo.org.br\/wp-content\/uploads\/2026\/01\/fundo-home-reconexao-mobile-1-150x77.webp 150w\" sizes=\"auto, (max-width: 390px) 100vw, 390px\" \/><span aria-hidden=\"true\" class=\"wp-block-cover__background has-background-dim-0 has-background-dim\" style=\"background-color:#ae0f16\"><\/span><div class=\"wp-block-cover__inner-container is-layout-constrained wp-block-cover-is-layout-constrained\">\n<p class=\"has-text-align-center has-secondary-font-family has-xx-large-font-size\">Reconex\u00e3o Periferias<\/p>\n<\/div><\/div>\n\n\n\n<h2 class=\"wp-block-heading has-text-align-center has-xx-large-font-size\" id=\"h-sobre-o-projeto\">Sobre el Proyecto<\/h2>\n\n\n\n<div style=\"height:16px\" aria-hidden=\"true\" class=\"wp-block-spacer\"><\/div>\n\n\n\n<p>El Proyecto Reconex\u00e3o Periferias surgi\u00f3 de una decisi\u00f3n de la Direcci\u00f3n Nacional del PT en 2017, seg\u00fan la cual el PT deb\u00eda fortalecer las relaciones con los movimientos sociales y ampliar y fortalecer su v\u00ednculo con la sociedad mediante el debate de las agendas pol\u00edticas de las periferias.<\/p>\n\n\n\n<p>La FPA \u2013 Fundaci\u00f3n Perseu Abramo, que asumi\u00f3 la responsabilidad de implementar esta agenda, cre\u00f3 un Grupo de Trabajo compuesto por personas de diversos espacios, como el Partido, el movimiento social y las universidades, para analizar c\u00f3mo lograrlo. Esta ronda de conversaciones culmin\u00f3 en el Primer Seminario Nacional. Se produjeron intensos debates que abarcaron desde el concepto de periferias, su alcance y significados (pol\u00edticos, territoriales, culturales y demogr\u00e1ficos), hasta la necesidad de discutir la forma y el contenido de los estudios, debates y actividades que se llevar\u00edan a cabo, y, finalmente, la implementaci\u00f3n de una amplia agenda de movilizaci\u00f3n que involucrara a diversos actores.<\/p>\n\n\n\n<p>La esencia es que la idea de periferias no se limita a las favelas o comunidades de las grandes metr\u00f3polis, sino que busca abarcar la nueva configuraci\u00f3n de clases en Brasil, segregada territorialmente en capitales, zonas rurales, regiones del interior, selvas y territorios ribere\u00f1os, etc. M\u00e1s que una mera disputa sobre c\u00f3mo referirse a las personas, se trata de reconocer el papel protag\u00f3nico de los movimientos sociales en el Brasil del siglo XXI.<\/p>\n\n\n\n<p>Hoy en d\u00eda, el Proyecto cuenta con tres ejes tem\u00e1ticos: Cultura, Trabajo y Violencia, y una serie de actividades que se dividen y unifican en articulaci\u00f3n, investigaci\u00f3n y difusi\u00f3n. Hemos creado una red de personas y organizaciones en todo Brasil, presentes en los territorios, en las universidades, en el tercer sector, en gobiernos y en mandatos electos; hemos consolidado investigaciones, publicado libros; tenemos muchos logros y muchas luchas por librar.<\/p>\n\n\n\n<p>Nuestra tarea es dar visibilidad a estos actores y movimientos, c\u00f3mo se organizan, cu\u00e1les son sus aspiraciones y sue\u00f1os, y qu\u00e9 problemas sociales los movilizan.<\/p>\n\n\n\n<p>El nombre \u201cReconectando las Periferias\u201d lleva el doble simbolismo de que no empezamos ahora, porque el Partido de los Trabajadores tiene una trayectoria hist\u00f3rica de acci\u00f3n e involucramiento con las agendas de las periferias; pero tambi\u00e9n significa que no podemos dejar de tener en cuenta que es necesario reconectar al Partido con las periferias, dando voz a individuos y colectivos, difundiendo la producci\u00f3n de conocimiento y buscando incidir en el debate sobre programas, estrategias y pol\u00edticas p\u00fablicas.<\/p>\n\n\n\n<div class=\"wp-block-group alignfull has-secondary-pure-background-color has-background is-layout-constrained wp-container-core-group-is-layout-eddc6de6 wp-block-group-is-layout-constrained\" style=\"margin-bottom:0;padding-bottom:var(--wp--preset--spacing--60)\">\n<div class=\"wp-block-columns is-layout-flex wp-container-core-columns-is-layout-28f84493 wp-block-columns-is-layout-flex\">\n<div class=\"wp-block-column sobre-content-fim is-layout-flow wp-block-column-is-layout-flow\" style=\"flex-basis:100%\">\n<div style=\"height:16px\" aria-hidden=\"true\" class=\"wp-block-spacer\"><\/div>\n\n\n\n<h2 class=\"wp-block-heading has-text-align-center has-xx-large-font-size\" id=\"h-equipe\">Equipo<\/h2>\n\n\n\n<div class=\"wp-block-columns colunas-equipe-a is-layout-flex wp-container-core-columns-is-layout-28f84493 wp-block-columns-is-layout-flex\">\n<div class=\"wp-block-column is-layout-flow wp-block-column-is-layout-flow\">\n<div class=\"wp-block-columns colunas-equipe-a is-layout-flex wp-container-core-columns-is-layout-28f84493 wp-block-columns-is-layout-flex\">\n<div class=\"wp-block-column colunas-equipe-cards is-layout-flow wp-block-column-is-layout-flow\">\n<figure class=\"wp-block-image aligncenter size-full\"><img decoding=\"async\" src=\"https:\/\/fpabramo.org.br\/reconexaoperiferias\/wp-content\/uploads\/2023\/12\/equipe-reconexao-artur-1.png\" alt=\"\" class=\"wp-image-25653\"\/><\/figure>\n\n\n\n<p class=\"has-text-align-center equipe-nome has-secondary-font-family has-large-font-size\"><strong>Artur Henrique<\/strong><\/p>\n\n\n\n<p class=\"has-text-align-center equipe-atuacao has-secondary-font-family\">consultor responsable<\/p>\n\n\n\n<p class=\"has-text-align-center equipe-atuacao\"><\/p>\n<\/div>\n\n\n\n<div class=\"wp-block-column colunas-equipe-cards is-layout-flow wp-block-column-is-layout-flow\">\n<figure class=\"wp-block-image aligncenter size-full\"><img decoding=\"async\" src=\"https:\/\/fpabramo.org.br\/reconexaoperiferias\/wp-content\/uploads\/2023\/12\/equipe-reconexao-paulo-ramos-1.png\" alt=\"\" class=\"wp-image-25667\"\/><\/figure>\n\n\n\n<p class=\"has-text-align-center equipe-nome has-secondary-font-family has-large-font-size\"><strong>Paulo Ramos<\/strong><\/p>\n\n\n\n<p class=\"has-text-align-center equipe-atuacao has-secondary-font-family\">coordinador<\/p>\n<\/div>\n<\/div>\n\n\n\n<div class=\"wp-block-columns colunas-equipe-a is-layout-flex wp-container-core-columns-is-layout-28f84493 wp-block-columns-is-layout-flex\">\n<div class=\"wp-block-column colunas-equipe-cards is-layout-flow wp-block-column-is-layout-flow\">\n<p class=\"has-text-align-center equipe-nome\"><\/p>\n\n\n\n<p class=\"has-text-align-center equipe-atuacao\"><\/p>\n\n\n\n<p class=\"has-text-align-center equipe-atuacao\"><\/p>\n<\/div>\n\n\n\n<div class=\"wp-block-column colunas-equipe-cards is-layout-flow wp-block-column-is-layout-flow\">\n<p class=\"has-text-align-center equipe-nome\"><\/p>\n\n\n\n<p class=\"has-text-align-center equipe-atuacao\"><\/p>\n<\/div>\n<\/div>\n\n\n\n<div class=\"wp-block-columns colunas-equipe-a is-layout-flex wp-container-core-columns-is-layout-28f84493 wp-block-columns-is-layout-flex\">\n<div class=\"wp-block-column colunas-equipe-cards is-layout-flow wp-block-column-is-layout-flow\">\n<figure class=\"wp-block-image aligncenter size-full is-resized\"><img decoding=\"async\" src=\"https:\/\/fpabramo.org.br\/reconexaoperiferias\/wp-content\/uploads\/2023\/12\/equipe-reconexao-matheus.png\" alt=\"\" class=\"wp-image-25657\" style=\"object-fit:cover;width:167px;height:auto\"\/><\/figure>\n\n\n\n<p class=\"has-text-align-center equipe-nome has-secondary-font-family has-large-font-size\"><strong>Matheus Tancredo Toledo<\/strong><\/p>\n\n\n\n<p class=\"has-text-align-center equipe-atuacao has-secondary-font-family\">investigador<\/p>\n\n\n\n<p><\/p>\n<\/div>\n\n\n\n<div class=\"wp-block-column colunas-equipe-cards is-layout-flow wp-block-column-is-layout-flow\">\n<figure class=\"wp-block-image aligncenter size-full is-resized is-style-rounded\"><img decoding=\"async\" src=\"https:\/\/fpabramo.org.br\/reconexaoperiferias\/wp-content\/uploads\/2025\/10\/danilo-1.png\" alt=\"\" class=\"wp-image-47527\" style=\"width:167px\"\/><\/figure>\n\n\n\n<p class=\"has-text-align-center equipe-nome has-secondary-font-family has-large-font-size\"><strong>Danilo Morais<\/strong><\/p>\n\n\n\n<p class=\"has-text-align-center equipe-atuacao has-secondary-font-family\">investigador<\/p>\n\n\n\n<p class=\"has-text-align-center equipe-atuacao\"><\/p>\n<\/div>\n\n\n\n<div class=\"wp-block-column colunas-equipe-cards is-layout-flow wp-block-column-is-layout-flow\">\n<figure class=\"wp-block-image aligncenter size-full is-resized\"><img decoding=\"async\" src=\"https:\/\/fpabramo.org.br\/reconexaoperiferias\/wp-content\/uploads\/2023\/12\/equipe-reconexao-rose.png\" alt=\"\" class=\"wp-image-25658\" style=\"width:167px\"\/><\/figure>\n\n\n\n<p class=\"has-text-align-center equipe-nome has-secondary-font-family has-large-font-size\"><strong>Rose Silva<\/strong><\/p>\n\n\n\n<p class=\"has-text-align-center equipe-atuacao has-secondary-font-family\">periodista<\/p>\n\n\n\n<p class=\"has-text-align-center equipe-atuacao\"><\/p>\n<\/div>\n<\/div>\n<\/div>\n<\/div>\n\n\n\n<div class=\"wp-block-columns colunas-equipe-b is-layout-flex wp-container-core-columns-is-layout-28f84493 wp-block-columns-is-layout-flex\">\n<div class=\"wp-block-column is-layout-flow wp-block-column-is-layout-flow\">\n<div class=\"wp-block-columns colunas-equipe-a is-layout-flex wp-container-core-columns-is-layout-28f84493 wp-block-columns-is-layout-flex\">\n<div class=\"wp-block-column colunas-equipe-cards is-layout-flow wp-block-column-is-layout-flow\">\n<figure class=\"wp-block-image aligncenter size-full is-resized is-style-rounded\"><img decoding=\"async\" src=\"https:\/\/fpabramo.org.br\/reconexaoperiferias\/wp-content\/uploads\/2023\/12\/equipe-reconexao-ruan.png\" alt=\"\" class=\"wp-image-25659\" style=\"width:107px;height:auto\"\/><\/figure>\n\n\n\n<p class=\"has-text-align-center equipe-nome has-secondary-font-family has-large-font-size\"><strong>Ruan Bernardo<\/strong><\/p>\n\n\n\n<p class=\"has-text-align-center equipe-atuacao has-secondary-font-family\">investigador<\/p>\n\n\n\n<p class=\"has-text-align-center equipe-atuacao\"><\/p>\n<\/div>\n\n\n\n<div class=\"wp-block-column colunas-equipe-cards is-layout-flow wp-block-column-is-layout-flow\">\n<figure class=\"wp-block-image aligncenter size-full is-resized is-style-rounded\"><img decoding=\"async\" src=\"https:\/\/fpabramo.org.br\/reconexaoperiferias\/wp-content\/uploads\/2025\/10\/foto-1-barbara.png\" alt=\"\" class=\"wp-image-47528\" style=\"width:110px;height:auto\"\/><\/figure>\n\n\n\n<p class=\"has-text-align-center equipe-nome has-secondary-font-family has-large-font-size\"><strong>Barbara Santos<\/strong><\/p>\n\n\n\n<p class=\"has-text-align-center equipe-atuacao has-secondary-font-family\">investigadora<\/p>\n\n\n\n<p class=\"has-text-align-center equipe-atuacao\"><\/p>\n<\/div>\n<\/div>\n\n\n\n<div class=\"wp-block-columns colunas-equipe-a is-layout-flex wp-container-core-columns-is-layout-28f84493 wp-block-columns-is-layout-flex\">\n<div class=\"wp-block-column colunas-equipe-cards is-layout-flow wp-block-column-is-layout-flow\">\n<figure class=\"wp-block-image aligncenter size-full is-resized is-style-rounded\"><img decoding=\"async\" src=\"https:\/\/fpabramo.org.br\/reconexaoperiferias\/wp-content\/uploads\/2025\/10\/fotos-1-dar.png\" alt=\"\" class=\"wp-image-47529\" style=\"width:106px;height:auto\"\/><\/figure>\n\n\n\n<p class=\"has-text-align-center equipe-nome has-secondary-font-family has-large-font-size\"><strong>Darlene Testa<\/strong><\/p>\n\n\n\n<p class=\"has-text-align-center equipe-atuacao has-secondary-font-family\">investigadora<\/p>\n\n\n\n<p class=\"has-text-align-center equipe-atuacao\"><\/p>\n<\/div>\n\n\n\n<div class=\"wp-block-column colunas-equipe-cards is-layout-flow wp-block-column-is-layout-flow\">\n<figure class=\"wp-block-image aligncenter size-full is-resized is-style-rounded\"><img decoding=\"async\" src=\"https:\/\/fpabramo.org.br\/reconexaoperiferias\/wp-content\/uploads\/2025\/10\/silvana.png\" alt=\"\" class=\"wp-image-47530\" style=\"width:104px;height:auto\"\/><\/figure>\n\n\n\n<p class=\"has-text-align-center equipe-nome has-secondary-font-family has-large-font-size\"><strong>Silvana Lima<\/strong><\/p>\n\n\n\n<p class=\"has-text-align-center equipe-atuacao has-secondary-font-family\">asistente<\/p>\n\n\n\n<p class=\"has-text-align-center equipe-atuacao\"><\/p>\n<\/div>\n<\/div>\n<\/div>\n<\/div>\n<\/div>\n<\/div>\n<\/div>\n","protected":false},"excerpt":{"rendered":"<p>Sobre el Proyecto El Proyecto Reconex\u00e3o Periferias surgi\u00f3 de una decisi\u00f3n de la Direcci\u00f3n Nacional del PT en 2017, seg\u00fan la cual el PT deb\u00eda fortalecer las relaciones con los movimientos sociales y ampliar y fortalecer su v\u00ednculo con la sociedad mediante el debate de las agendas pol\u00edticas de las periferias. La FPA \u2013 Fundaci\u00f3n [&hellip;]<\/p>\n","protected":false},"author":96,"featured_media":0,"parent":120190,"menu_order":0,"comment_status":"closed","ping_status":"closed","template":"","meta":{"_eb_attr":"","footnotes":""},"categories":[],"area":[],"projeto":[6916],"tema":[],"coauthors":[7007],"class_list":["post-146646","page","type-page","status-publish","hentry","projeto-reconexao-periferias"],"_links":{"self":[{"href":"https:\/\/fpabramo.org.br\/es\/wp-json\/wp\/v2\/pages\/146646","targetHints":{"allow":["GET"]}}],"collection":[{"href":"https:\/\/fpabramo.org.br\/es\/wp-json\/wp\/v2\/pages"}],"about":[{"href":"https:\/\/fpabramo.org.br\/es\/wp-json\/wp\/v2\/types\/page"}],"author":[{"embeddable":true,"href":"https:\/\/fpabramo.org.br\/es\/wp-json\/wp\/v2\/users\/96"}],"replies":[{"embeddable":true,"href":"https:\/\/fpabramo.org.br\/es\/wp-json\/wp\/v2\/comments?post=146646"}],"version-history":[{"count":6,"href":"https:\/\/fpabramo.org.br\/es\/wp-json\/wp\/v2\/pages\/146646\/revisions"}],"predecessor-version":[{"id":188153,"href":"https:\/\/fpabramo.org.br\/es\/wp-json\/wp\/v2\/pages\/146646\/revisions\/188153"}],"up":[{"embeddable":true,"href":"https:\/\/fpabramo.org.br\/es\/wp-json\/wp\/v2\/pages\/120190"}],"wp:attachment":[{"href":"https:\/\/fpabramo.org.br\/es\/wp-json\/wp\/v2\/media?parent=146646"}],"wp:term":[{"taxonomy":"category","embeddable":true,"href":"https:\/\/fpabramo.org.br\/es\/wp-json\/wp\/v2\/categories?post=146646"},{"taxonomy":"area","embeddable":true,"href":"https:\/\/fpabramo.org.br\/es\/wp-json\/wp\/v2\/area?post=146646"},{"taxonomy":"projeto","embeddable":true,"href":"https:\/\/fpabramo.org.br\/es\/wp-json\/wp\/v2\/projeto?post=146646"},{"taxonomy":"tema","embeddable":true,"href":"https:\/\/fpabramo.org.br\/es\/wp-json\/wp\/v2\/tema?post=146646"},{"taxonomy":"author","embeddable":true,"href":"https:\/\/fpabramo.org.br\/es\/wp-json\/wp\/v2\/coauthors?post=146646"}],"curies":[{"name":"wp","href":"https:\/\/api.w.org\/{rel}","templated":true}]}}