{"id":146623,"date":"2020-12-16T20:01:20","date_gmt":"2020-12-16T23:01:20","guid":{"rendered":"https:\/\/fpabramo.org.br\/sobre-a-diretoria-de-formacao\/"},"modified":"2026-03-04T17:27:43","modified_gmt":"2026-03-04T20:27:43","slug":"sobre-a-diretoria-de-formacao","status":"publish","type":"page","link":"https:\/\/fpabramo.org.br\/es\/sobre-a-diretoria-de-formacao\/","title":{"rendered":"Sobre el Directorio de Capacitaci\u00f3n"},"content":{"rendered":"\n<h1 class=\"wp-block-heading\"><b>El Proyecto<\/b><\/h1>\n\n\n\n<div style=\"height:21px\" aria-hidden=\"true\" class=\"wp-block-spacer\"><\/div>\n\n\n\n<p>Desde 2013, la Fundaci\u00f3n Perseu Abramo se dedica al proyecto de Formaci\u00f3n Pol\u00edtica, formulando cursos desde cero para la militancia de partidos, movimientos sociales, l\u00edderes y gestores p\u00fablicos, siempre con el objetivo de movilizar la militancia para el debate pol\u00edtico y permitir la reflexi\u00f3n sobre estrategias de organizaci\u00f3n y preparaci\u00f3n para los desaf\u00edos y las confrontaciones que enfrentan.<\/p>\n\n\n\n<p><\/p>\n\n\n\n<p>Hoy atendemos a miles de personas a trav\u00e9s de seminarios, cursos y actividades abiertas al p\u00fablico. A lo largo de los a\u00f1os, hemos logrado satisfacer la mayor diversidad de demandas posible, actualizando constantemente nuestros contenidos y plataformas de ense\u00f1anza.<\/p>\n\n\n\n<p><\/p>\n\n\n\n<p>La Direcci\u00f3n de Capacitaci\u00f3n, hoy dirigida por Jorge Bittar, ha buscado ampliar los temas y formatos de nuestros cursos, considerando nuestros principales desaf\u00edos en la confrontaci\u00f3n con el fascismo y su reacci\u00f3n en Brasil, y siempre considerando la importancia de la formaci\u00f3n y los estudios pol\u00edticos para el mejoramiento de la acci\u00f3n pol\u00edtica en la escasez en todo el pa\u00eds.<\/p>\n\n\n\n<p><\/p>\n\n\n\n<p>Para llegar al m\u00e1ximo n\u00famero de personas, a partir de ahora, la Direcci\u00f3n de Capacitaci\u00f3n de la FPA pondr\u00e1 todos nuestros cursos disponibles a trav\u00e9s de <a href=\"https:\/\/www.youtube.com\/@FundacaoPerseuAbramo\" target=\"_blank\" rel=\"noopener\">nuestro canal de YouTube.<\/a><\/p>\n\n\n\n<p><\/p>\n\n\n\n<p>Las videoclases son accesibles para todos, en cualquier d\u00eda y hora. De esta manera, cumplimos con nuestro deber y compromiso de democratizar el debate y la reflexi\u00f3n pol\u00edtica.<\/p>\n\n\n\n<p><\/p>\n\n\n\n<p>Inscr\u00edbase aqu\u00ed:<a href=\" https:\/\/cursos.fpabramo.org.br\/\"> https:\/\/cursos.fpabramo.org.br\/<\/a><\/p>\n\n\n\n<p><strong>Equipo<\/strong><\/p>\n\n\n\n<p><strong>Director de Formaci\u00f3n<\/strong><\/p>\n\n\n\n<p>JORGE BITTAR<\/p>\n\n\n\n<p>Ingeniero en Electr\u00f3nica del Instituto de Tecnolog\u00eda Aeron\u00e1utica (ITA), elegido Diputado Federal por el PT-RJ durante cuatro mandatos (1999-2015). Presidente de Telebr\u00e1s entre 2015 y 2016. Como organizador y articulador, public\u00f3 dos libros sobre las peque\u00f1as experiencias de gobierno: La peque\u00f1a forma de gobernar (1992) y Gobiernos estatales: Desaf\u00edos y avances (2003).<\/p>\n\n\n\n<p><strong>Coordinador de Formaci\u00f3n<\/strong><\/p>\n\n\n\n<p>JACKSON RIBEIRO<\/p>\n\n\n\n<p>Cient\u00edfico Social formado en la Unesp, M\u00e1ster en Ciencias Humanas y Sociales por la UFABC, con investigaci\u00f3n sobre las instituciones financieras de los BRICS. Doctor en Econom\u00eda Pol\u00edtica Mundial tambi\u00e9n por la UFABC, con investigaci\u00f3n sobre el Foro de S\u00e3o Paulo. Es presidente del PT de Mogi das Cruzes.<\/p>\n\n\n\n<p><strong>Equipo (en orden alfab\u00e9tico)<\/strong><\/p>\n\n\n\n<p><\/p>\n\n\n\n<p>ANGELA CAMARGO SPINELI<\/p>\n\n\n\n<p>Defensora de la USP, subsecretaria del JPT-SP, consejera estatal adjunta para pol\u00edticas p\u00fablicas para personas LGBT.<\/p>\n\n\n\n<p><\/p>\n\n\n\n<p>EMILY IDALGO<\/p>\n\n\n\n<p>Gestor ambiental formado por el Instituto Federal de S\u00e3o Paulo \u2013 Campus S\u00e3o Roque. Militante por la justicia social y ambiental. Fue miembro del partido Mairinque\/SP (2021-2024), elegido a los 20 a\u00f1os como el m\u00e1s joven en la historia del municipio y del PT en el estado de S\u00e3o Paulo. Desarrolla proyectos de agricultura urbana en colaboraci\u00f3n con el IFSP \u2013 Campus S\u00e3o Roque y forma parte de la Comisi\u00f3n de Medio Ambiente y Urbanismo de la OAB-Mairinque.<\/p>\n\n\n\n<p><\/p>\n\n\n\n<p>LARISSA CAROLINE DE ALMEIDA FRAME<\/p>\n\n\n\n<p>Doctora en Gesti\u00f3n y Pol\u00edticas P\u00fablicas (FGV-SP), Maestr\u00eda en Econom\u00eda (PUC-SP), Especialista en Planificaci\u00f3n y Gesti\u00f3n Urbana (POLI-USP) y Licenciada en Gesti\u00f3n de Pol\u00edticas P\u00fablicas (EACH-USP), con intercambio acad\u00e9mico en Contabilidad y Gesti\u00f3n P\u00fablica en el Instituto Polit\u00e9cnico de Co\u00edmbra (ISCAC-IPC). Desde 2012, trabaja en el sector p\u00fablico en las \u00e1reas de planificaci\u00f3n estrat\u00e9gica, desarrollo econ\u00f3mico, monitoreo y participaci\u00f3n social.<\/p>\n\n\n\n<p><\/p>\n\n\n\n<p>LUANA FORLINI<\/p>\n\n\n\n<p>Internacionalista, mag\u00edster y doctora en Ciencias Pol\u00edticas por la Universidad Estatal de Campinas (Unicamp). Investiga sobre la relaci\u00f3n entre el Estado y las clases sociales. Particip\u00f3 en el grupo de coyuntura de la Fundaci\u00f3n Perseu Abramo (2017-2021) y fue supervisora \u200b\u200badjunta de la Maestr\u00eda en Estado, Gobierno y Pol\u00edticas P\u00fablicas (2018-2023).<\/p>\n\n\n\n<p><\/p>\n\n\n\n<p>PIETRO BORSARI<\/p>\n\n\n\n<p>Economista, m\u00e1ster y doctor en Desarrollo Econ\u00f3mico (Unicamp), con \u00e9nfasis en Econom\u00eda Social y del Trabajo. Investigador postdoctoral en la Unicamp, en el Centro de Estudios Sindicales y Laborales del Instituto de Econom\u00eda, con investigaci\u00f3n sobre el Mundo del Trabajo y las Pol\u00edticas Sociales contempor\u00e1neas. En 2022, coordin\u00f3 la investigaci\u00f3n \u201cRetrato del Trabajo Informal en Brasil: desaf\u00edos y soluciones\u201d (Instituto Veredas). Miembro del equipo de formaci\u00f3n de la Fundaci\u00f3n Perseu Abramo desde abril.<\/p>\n\n\n\n<p><\/p>\n\n\n\n<p>PRISCILA MOREIRA<\/p>\n\n\n\n<p>Licenciada en Administraci\u00f3n de Empresas. Ingres\u00f3 al sector p\u00fablico en 2010 en la Prefectura Municipal de Osasco, en la Secretar\u00eda de Desarrollo, Empleo e Inclusi\u00f3n (SDTI). Particip\u00f3 en la elaboraci\u00f3n del libro Planificaci\u00f3n P\u00fablica y Gesti\u00f3n por Resultados: una experiencia municipal aplicada (2016, Editora Hucitec).<\/p>\n\n\n\n<p><\/p>\n\n\n\n<p>Contacto<br>Correo electr\u00f3nico: <a href=\"mailto:formacao@fpabramo.org.br\">formacao@fpabramo.org.br<\/a><\/p>\n\n\n\n<p>WhatsApp:&nbsp;<strong>55 11 92035 1648<\/strong><\/p>\n\n\n\n<p><\/p>\n\n\n\n<p><\/p>\n","protected":false},"excerpt":{"rendered":"<p>El Proyecto Desde 2013, la Fundaci\u00f3n Perseu Abramo se dedica al proyecto de Formaci\u00f3n Pol\u00edtica, formulando cursos desde cero para la militancia de partidos, movimientos sociales, l\u00edderes y gestores p\u00fablicos, siempre con el objetivo de movilizar la militancia para el debate pol\u00edtico y permitir la reflexi\u00f3n sobre estrategias de organizaci\u00f3n y preparaci\u00f3n para los desaf\u00edos [&hellip;]<\/p>\n","protected":false},"author":54,"featured_media":0,"parent":0,"menu_order":0,"comment_status":"closed","ping_status":"closed","template":"","meta":{"_eb_attr":"","footnotes":""},"categories":[7351],"area":[131],"projeto":[],"tema":[],"coauthors":[6861],"class_list":["post-146623","page","type-page","status-publish","hentry","category-institucional","area-formacao-fpa"],"_links":{"self":[{"href":"https:\/\/fpabramo.org.br\/es\/wp-json\/wp\/v2\/pages\/146623","targetHints":{"allow":["GET"]}}],"collection":[{"href":"https:\/\/fpabramo.org.br\/es\/wp-json\/wp\/v2\/pages"}],"about":[{"href":"https:\/\/fpabramo.org.br\/es\/wp-json\/wp\/v2\/types\/page"}],"author":[{"embeddable":true,"href":"https:\/\/fpabramo.org.br\/es\/wp-json\/wp\/v2\/users\/54"}],"replies":[{"embeddable":true,"href":"https:\/\/fpabramo.org.br\/es\/wp-json\/wp\/v2\/comments?post=146623"}],"version-history":[{"count":0,"href":"https:\/\/fpabramo.org.br\/es\/wp-json\/wp\/v2\/pages\/146623\/revisions"}],"wp:attachment":[{"href":"https:\/\/fpabramo.org.br\/es\/wp-json\/wp\/v2\/media?parent=146623"}],"wp:term":[{"taxonomy":"category","embeddable":true,"href":"https:\/\/fpabramo.org.br\/es\/wp-json\/wp\/v2\/categories?post=146623"},{"taxonomy":"area","embeddable":true,"href":"https:\/\/fpabramo.org.br\/es\/wp-json\/wp\/v2\/area?post=146623"},{"taxonomy":"projeto","embeddable":true,"href":"https:\/\/fpabramo.org.br\/es\/wp-json\/wp\/v2\/projeto?post=146623"},{"taxonomy":"tema","embeddable":true,"href":"https:\/\/fpabramo.org.br\/es\/wp-json\/wp\/v2\/tema?post=146623"},{"taxonomy":"author","embeddable":true,"href":"https:\/\/fpabramo.org.br\/es\/wp-json\/wp\/v2\/coauthors?post=146623"}],"curies":[{"name":"wp","href":"https:\/\/api.w.org\/{rel}","templated":true}]}}