{"id":125818,"date":"2026-02-09T15:36:33","date_gmt":"2026-02-09T18:36:33","guid":{"rendered":"https:\/\/fpabramo.org.br\/sobre-perseu-abramo\/"},"modified":"2026-03-06T15:31:22","modified_gmt":"2026-03-06T18:31:22","slug":"sobre-perseu-abramo","status":"publish","type":"page","link":"https:\/\/fpabramo.org.br\/es\/sobre-perseu-abramo\/","title":{"rendered":"\u00bfQui\u00e9n fue Perseu Abramo?"},"content":{"rendered":"\n<div style=\"height:25px\" aria-hidden=\"true\" class=\"wp-block-spacer\"><\/div>\n\n\n\n<p>Perseu Abramo naci\u00f3 en S\u00e3o Paulo (SP) el 17 de julio de 1929. Complet\u00f3 sus estudios secundarios en el Gimnasio del Estado da Capital y en el Colegio Estadual Presidente Roosevelt. En 1959 se gradu\u00f3 en Ciencias Sociales por la entonces Facultad de Filosof\u00eda, Ciencias y Letras de la Universidad de S\u00e3o Paulo, con una licenciatura y un t\u00edtulo de profesor en Sociolog\u00eda. En 1968 obtuvo una maestr\u00eda en Ciencias Humanas por la Universidad Federal de Bah\u00eda. Comenz\u00f3 su carrera period\u00edstica desde muy joven.<\/p>\n\n\n\n<p>Su primer empleo, obtenido mediante concurso interno, fue como corrector sustituto en el primer Jornal de S\u00e3o Paulo, en Ladeira do Semin\u00e1rio, en 1946. De 1948 a 1950 trabaj\u00f3 como reportero en el segundo Jornal de S\u00e3o Paulo y, simult\u00e1neamente, como colaborador y reportero en Folha Socialista, el semanario del entonces Partido Socialista Brasile\u00f1o. Trabaj\u00f3 en A Hora de 1951 a 1952, y ese mismo a\u00f1o se incorpor\u00f3 a O Estado de S. Paulo, donde permaneci\u00f3 diez a\u00f1os, ocupando diversos cargos: editor de la secci\u00f3n Internacional, editor de noticias locales, reportero, jefe de reportajes, columnista de un suplemento semanal, editor y jefe de las secciones de Interior y Deportes, y editor adjunto. En este cargo, coordin\u00f3 el equipo que cubri\u00f3 la inauguraci\u00f3n de Brasilia y gan\u00f3 el Premio de Periodismo Esso en 1960.<\/p>\n\n\n\n<p>De 1962 a 1970 se dedic\u00f3 principalmente a la docencia superior, pero, como freelance, colabor\u00f3 \u200b\u200bcon varias publicaciones de la Editora Abril, principalmente en la serie de fasc\u00edculos \u00abLas Grandes Figuras de Nuestra Historia\u00bb.<\/p>\n\n\n\n<p>En 1970 se incorpor\u00f3 a Folha de S. Paulo, donde tambi\u00e9n ocup\u00f3 diversos cargos: coordinador de servicios editoriales, editor de deportes, editor de Folha Ilustrada y, sobre todo, a partir de 1972, editor de educaci\u00f3n, secci\u00f3n que cre\u00f3 y dirigi\u00f3 durante siete a\u00f1os y que tuvo mucho \u00e9xito en la prensa de la \u00e9poca. En 1979 fue despedido de Folha debido a la huelga de periodistas, en la que hab\u00eda participado activamente.<\/p>\n\n\n\n<p>Trabaj\u00f3 en el semanario pol\u00edtico Movimento desde 1980 hasta su cierre en 1981.<\/p>\n\n\n\n<p>Tambi\u00e9n colabor\u00f3 \u200b\u200bcon otras publicaciones peri\u00f3dicas y servicios period\u00edsticos. De 1970 a 1972, fue colaborador habitual de la revista Vis\u00e3o, principalmente en las \u00e1reas de educaci\u00f3n, ciencia y cultura. Adem\u00e1s de su colaboraci\u00f3n con las publicaciones de Editora Abril, ya mencionada, tambi\u00e9n trabaj\u00f3 en el redise\u00f1o de la revista Novos Estudos, del Cebrap (Centro Brasile\u00f1o de An\u00e1lisis y Planificaci\u00f3n), en 1981; en la empresa de comunicaci\u00f3n Pedro Paulo Poppovic Produ\u00e7\u00f5es, en 1981; en Editev\u00ea, en 1983 y 1984; y en Intera\u00e7\u00e3o, revista especializada en educaci\u00f3n del Instituto Y\u00e1zigi, en 1985.<\/p>\n\n\n\n<p>En 1955 colabor\u00f3 \u200b\u200ben la creaci\u00f3n de Radio Eldorado, encarg\u00e1ndose del departamento de periodismo radial y dirigiendo las ediciones experimentales de los primeros programas de \u00abnoticias habladas\u00bb de la emisora.<\/p>\n\n\n\n<p>En 1983, 1984 y principios de 1985 trabaj\u00f3 en TV Globo, colaborando con el Departamento de Periodismo en proyectos especiales como \u00abSP 2000\u00bb y otros.<\/p>\n\n\n\n<p>De 1981 a 1983 edit\u00f3 el Jornal dos Trabalhadores, \u00f3rgano oficial de la Direcci\u00f3n Nacional del Partido de los Trabajadores, y fue tambi\u00e9n responsable de la segunda fase del Boletim Nacional y otras publicaciones ocasionales del PT.<\/p>\n\n\n\n<p>A\u00fan dentro del campo de la comunicaci\u00f3n y el periodismo, pero en el \u00e1rea de la docencia de ense\u00f1anza superior, ejerci\u00f3 las siguientes actividades: profesor de t\u00e9cnicas de periodismo en la Escuela de Periodismo C\u00e1sper L\u00edbero (1960\/1962); responsable de un curso de sociolog\u00eda de la comunicaci\u00f3n en el programa de licenciatura en ciencias sociales de la Facultad de Filosof\u00eda de la Universidad Federal de Bah\u00eda (1967\/1969); coordinador del Sector de Periodismo de la FAAP en S\u00e3o Paulo (1970\/1971); profesor de asignaturas t\u00e9cnicas en el curso de comunicaci\u00f3n social &#8211; especializaci\u00f3n en periodismo, en la Facultad de Filosof\u00eda y Comunicaci\u00f3n de la PUC en S\u00e3o Paulo, de 1981 a 1996.<\/p>\n\n\n\n<p>En el \u00e1rea de investigaci\u00f3n y educaci\u00f3n superior, adem\u00e1s de las actividades relacionadas con el campo de la comunicaci\u00f3n social, Perseu Abramo particip\u00f3 activamente en el proyecto de creaci\u00f3n y establecimiento de la Universidad de Brasilia, donde ense\u00f1\u00f3 en el Departamento de Ciencias Humanas desde 1962, cuando se inaugur\u00f3 la Universidad, hasta 1964, cuando fue invadida por las tropas de la dictadura militar que se hab\u00eda instalado con el golpe de 1964. En esta universidad, adem\u00e1s de participar en la planificaci\u00f3n y establecimiento de cursos de pregrado y posgrado, as\u00ed como proyectos de investigaci\u00f3n, ense\u00f1\u00f3 diversas materias en el campo de la sociolog\u00eda (como sociolog\u00eda general, sociolog\u00eda del trabajo, m\u00e9todos y t\u00e9cnicas de investigaci\u00f3n en sociolog\u00eda) e imparti\u00f3 cursos ocasionales para estudiantes de pregrado y posgrado de otras \u00e1reas acad\u00e9micas de la misma universidad.<\/p>\n\n\n\n<p>De 1965 a 1970 ense\u00f1\u00f3 en la Universidad Federal de Bah\u00eda, donde dict\u00f3 cursos de sociolog\u00eda general y aplicada en la Escuela de Administraci\u00f3n y en la Facultad de Filosof\u00eda, as\u00ed como en cursos de posgrado.<\/p>\n\n\n\n<p>En 1970 tambi\u00e9n ense\u00f1\u00f3 en la Escuela de Sociolog\u00eda y Pol\u00edtica de S\u00e3o Paulo.<\/p>\n\n\n\n<p>Tambi\u00e9n realiz\u00f3 actividades profesionales y t\u00e9cnicas relacionadas con las ciencias sociales: asistente de investigaci\u00f3n en el Centro Regional de Investigaci\u00f3n Educativa de S\u00e3o Paulo, de 1956 a 1960; t\u00e9cnico en administraci\u00f3n laboral en el Servicio Estatal de Trabajo de la Secretar\u00eda de Trabajo del Estado de S\u00e3o Paulo, de 1960 a 1962; coordinador de investigaci\u00f3n del Sector de Administraci\u00f3n P\u00fablica de la Escuela de Administraci\u00f3n de la Universidad Federal de Bah\u00eda, de 1965 a 1967; t\u00e9cnico en el Instituto de Servicio P\u00fablico de la Universidad Federal de Bah\u00eda, de 1966 a 1968, cuando particip\u00f3 en la elaboraci\u00f3n de proyectos de reforma administrativa y la implementaci\u00f3n de los servicios de la Secretar\u00eda de Trabajo y Previsi\u00f3n Social. Tambi\u00e9n realiz\u00f3 trabajos de consultor\u00eda en investigaci\u00f3n y sociolog\u00eda aplicada para empresas consultoras en Bah\u00eda, participando en proyectos de reforma administrativa en Feira de Santana, Itabuna e Ilh\u00e9us.<\/p>\n\n\n\n<p>En este campo, particip\u00f3 en congresos y reuniones cient\u00edficas y produjo varios art\u00edculos t\u00e9cnicos.<\/p>\n\n\n\n<p>En el movimiento obrero, Perseu Abramo siempre tuvo una participaci\u00f3n activa. En la d\u00e9cada de 1950, cuando el fervor pol\u00edtico un\u00eda con frecuencia no solo a diversas categor\u00edas de trabajadores, sino tambi\u00e9n a estos con otros sectores sociales, especialmente los estudiantes, form\u00f3 parte de varios comit\u00e9s universitarios en solidaridad con los huelguistas, participando as\u00ed en la gran huelga de 1953 y otras campa\u00f1as populares, como la huelga petrolera, la defensa de la educaci\u00f3n p\u00fablica y la participaci\u00f3n estudiantil en los \u00f3rganos de gobierno universitario. En 1961, particip\u00f3 en la huelga de periodistas. En la d\u00e9cada de 1970, particip\u00f3 en el movimiento sindical de oposici\u00f3n que recuper\u00f3 el Sindicato de Periodistas Profesionales del Estado de S\u00e3o Paulo de las manos de los jefes sindicales que lo dominaban. Desempe\u00f1\u00f3 un papel importante en la formaci\u00f3n de la Comisi\u00f3n de Libertad de Prensa del Sindicato y en la elaboraci\u00f3n de las tesis que posteriormente se debatieron y aprobaron en el Congreso de Libertad de Prensa, medidas importantes adoptadas por los periodistas para combatir la censura de la dictadura y elevar el nivel de concienciaci\u00f3n y compromiso pol\u00edtico de los periodistas y los trabajadores en general.<\/p>\n\n\n\n<p>Particip\u00f3 en la formulaci\u00f3n y creaci\u00f3n de los Consejos de Representantes Editoriales y del Consejo Asesor de estos representantes dentro del Sindicato. En este cargo, particip\u00f3 en campa\u00f1as salariales y negociaciones con la patronal. Particip\u00f3 activamente en la huelga de la categor\u00eda en 1979, de la cual fue uno de los l\u00edderes, y, como tantos otros periodistas, sufri\u00f3 la persecuci\u00f3n patronal que sigui\u00f3 al fin de la huelga. Fue uno de los creadores del Premio Vladimir Herzog de Amnist\u00eda y Derechos Humanos, creado por el Sindicato de Periodistas de S\u00e3o Paulo.<\/p>\n\n\n\n<p>En el \u00e1mbito pol\u00edtico y partidista, Perseu Abramo tambi\u00e9n tuvo una intensa participaci\u00f3n. Siendo a\u00fan estudiante de secundaria, particip\u00f3 en las campa\u00f1as de amnist\u00eda y en la lucha contra la dictadura de Vargas en 1945\/1946. Se uni\u00f3 a la Izquierda Democr\u00e1tica en 1946, apoyando la candidatura del l\u00edder gr\u00e1fico Jo\u00e3o da Costa Pimenta al Senado de la Rep\u00fablica. Con la fundaci\u00f3n del Partido Socialista Brasile\u00f1o, surgido de la Izquierda Democr\u00e1tica, se incorpor\u00f3 al activismo del partido y particip\u00f3 en las luchas del pueblo brasile\u00f1o por las transformaciones sociales. Se opuso al golpe de Estado de 1964, junto con profesores y estudiantes de la Universidad de Brasilia, desde el principio, y fue arrestado por el Ej\u00e9rcito durante la invasi\u00f3n de la Universidad de Brasilia el 9 de abril de 1964, junto con otros profesores y miles de ciudadanos brasile\u00f1os.<\/p>\n\n\n\n<p>Durante la dictadura, se opuso al r\u00e9gimen militar. Particip\u00f3 en las luchas por las libertades democr\u00e1ticas, por la amnist\u00eda y en apoyo a la oposici\u00f3n, las huelgas sindicales y las reformas del partido. Todo esto lo acerc\u00f3, como sucedi\u00f3 con muchos otros periodistas en la d\u00e9cada de 1970, a los l\u00edderes sindicales metal\u00fargicos de S\u00e3o Bernardo, la regi\u00f3n ABC, Santos, los trabajadores petroleros de Campinas, los trabajadores bancarios, etc. Pronto se involucr\u00f3 en el Movimiento Pro-PT (1978\/1979) y en la fundaci\u00f3n del PT (1979\/1980), participando en todas sus etapas con total dedicaci\u00f3n: desde el apoyo a la huelga metal\u00fargica (1978), mientras a\u00fan era miembro del Comit\u00e9 Brasile\u00f1o de Amnist\u00eda (CBA\/SP), hasta la participaci\u00f3n en todas las discusiones y negociaciones entre los diversos segmentos para la formaci\u00f3n del Partido, desde la redacci\u00f3n de los documentos b\u00e1sicos (Manifiesto, Programa, Estatutos, Reglamento Interno) hasta la labor de reclutamiento de afiliados. Fue uno de los primeros firmantes de la carta fundacional del Partido, en la hist\u00f3rica reuni\u00f3n del 10 de febrero de 1980, en el Colegio Sion, en la ciudad de S\u00e3o Paulo, y desde entonces nunca dej\u00f3 de actuar, no s\u00f3lo en posiciones de direcci\u00f3n, sino en todos los frentes del partido.<\/p>\n\n\n\n<p>Como activista de base, form\u00f3 parte del N\u00facleo de Periodistas y de la Direcci\u00f3n Distrital de Lapa. Ocup\u00f3 el cargo de Secretario de Comunicaci\u00f3n de la ciudad de S\u00e3o Paulo en 1989, durante el gobierno de Luiza Erundina.<\/p>\n\n\n\n<p>Sin abandonar jam\u00e1s su activismo de base, fue elegido sistem\u00e1ticamente delegado para representar a las delegaciones y direcciones locales del PT en reuniones municipales, estatales y nacionales. Particip\u00f3 en todas las reuniones nacionales del partido, y solo falt\u00f3 a la X Reuni\u00f3n (1995) en Guarapari por enfermedad. En estas reuniones, particip\u00f3 pol\u00edticamente en debates y en la redacci\u00f3n de documentos b\u00e1sicos, tesis y directrices, as\u00ed como en tareas organizativas, de secretar\u00eda, presidiendo sesiones, levantando actas y redactando resoluciones preliminares.<\/p>\n\n\n\n<p>La misma combinaci\u00f3n de trabajo pol\u00edtico y organizativo caracteriz\u00f3 su participaci\u00f3n en los cargos de liderazgo que ocup\u00f3 en la Direcci\u00f3n Nacional y el Comit\u00e9 Ejecutivo del PT a lo largo de sus 16 a\u00f1os de militancia, como segundo secretario del Comit\u00e9 Ejecutivo Nacional, secretario nacional de prensa y propaganda y, finalmente, secretario de formaci\u00f3n pol\u00edtica.<\/p>\n\n\n\n<p>Perseu Abramo muri\u00f3 el 6 de marzo de 1996, a la edad de 66 a\u00f1os.<\/p>\n\n\n\n<p>La Editorial Fundaci\u00f3n Perseu Abramo public\u00f3 p\u00f3stumamente el libro <em>Un trabajador de noticias: textos de Perseu Abramo<\/em> (1997), organizado por su hija Bia Abramo, y <em>Patrones de manipulaci\u00f3n en la prensa dominante<\/em>, con ep\u00edlogo de Aloysio Biondi.<\/p>\n\n\n\n<p><\/p>\n","protected":false},"excerpt":{"rendered":"<p>Perseu Abramo naci\u00f3 en S\u00e3o Paulo (SP) el 17 de julio de 1929. Complet\u00f3 sus estudios secundarios en el Gimnasio del Estado da Capital y en el Colegio Estadual Presidente Roosevelt. En 1959 se gradu\u00f3 en Ciencias Sociales por la entonces Facultad de Filosof\u00eda, Ciencias y Letras de la Universidad de S\u00e3o Paulo, con una [&hellip;]<\/p>\n","protected":false},"author":1,"featured_media":0,"parent":0,"menu_order":0,"comment_status":"closed","ping_status":"closed","template":"template-institucional.php","meta":{"_eb_attr":"","footnotes":""},"categories":[],"area":[],"projeto":[],"tema":[],"coauthors":[85],"class_list":["post-125818","page","type-page","status-publish","hentry"],"_links":{"self":[{"href":"https:\/\/fpabramo.org.br\/es\/wp-json\/wp\/v2\/pages\/125818","targetHints":{"allow":["GET"]}}],"collection":[{"href":"https:\/\/fpabramo.org.br\/es\/wp-json\/wp\/v2\/pages"}],"about":[{"href":"https:\/\/fpabramo.org.br\/es\/wp-json\/wp\/v2\/types\/page"}],"author":[{"embeddable":true,"href":"https:\/\/fpabramo.org.br\/es\/wp-json\/wp\/v2\/users\/1"}],"replies":[{"embeddable":true,"href":"https:\/\/fpabramo.org.br\/es\/wp-json\/wp\/v2\/comments?post=125818"}],"version-history":[{"count":0,"href":"https:\/\/fpabramo.org.br\/es\/wp-json\/wp\/v2\/pages\/125818\/revisions"}],"wp:attachment":[{"href":"https:\/\/fpabramo.org.br\/es\/wp-json\/wp\/v2\/media?parent=125818"}],"wp:term":[{"taxonomy":"category","embeddable":true,"href":"https:\/\/fpabramo.org.br\/es\/wp-json\/wp\/v2\/categories?post=125818"},{"taxonomy":"area","embeddable":true,"href":"https:\/\/fpabramo.org.br\/es\/wp-json\/wp\/v2\/area?post=125818"},{"taxonomy":"projeto","embeddable":true,"href":"https:\/\/fpabramo.org.br\/es\/wp-json\/wp\/v2\/projeto?post=125818"},{"taxonomy":"tema","embeddable":true,"href":"https:\/\/fpabramo.org.br\/es\/wp-json\/wp\/v2\/tema?post=125818"},{"taxonomy":"author","embeddable":true,"href":"https:\/\/fpabramo.org.br\/es\/wp-json\/wp\/v2\/coauthors?post=125818"}],"curies":[{"name":"wp","href":"https:\/\/api.w.org\/{rel}","templated":true}]}}