{"id":125698,"date":"2026-01-28T23:53:57","date_gmt":"2026-01-29T02:53:57","guid":{"rendered":"https:\/\/fpabramo.org.br\/sobre-o-casb\/"},"modified":"2026-02-24T14:42:50","modified_gmt":"2026-02-24T17:42:50","slug":"sobre-o-casb","status":"publish","type":"page","link":"https:\/\/fpabramo.org.br\/es\/sobre-o-casb\/","title":{"rendered":"Sobre o CASB"},"content":{"rendered":"\n<figure class=\"wp-block-image aligncenter size-full\"><img loading=\"lazy\" decoding=\"async\" width=\"212\" height=\"151\" src=\"https:\/\/fpabramo.org.br\/wp-content\/uploads\/2026\/01\/logoCASB-1.webp\" alt=\"Logo CASB\" class=\"wp-image-117104\" srcset=\"https:\/\/fpabramo.org.br\/wp-content\/uploads\/2026\/01\/logoCASB-1.webp 212w, https:\/\/fpabramo.org.br\/wp-content\/uploads\/2026\/01\/logoCASB-1-150x107.webp 150w\" sizes=\"auto, (max-width: 212px) 100vw, 212px\" \/><\/figure>\n\n\n\n<p>El Centro de An\u00e1lisis de la Sociedad Brasile\u00f1a (CASB) tiene como objetivo profundizar la comprensi\u00f3n de los cambios en la sociedad brasile\u00f1a y producir diagn\u00f3sticos, apoyando a los partidos y al gobierno en la tarea de democratizar la sociedad y sus instituciones, as\u00ed como en la organizaci\u00f3n del campo democr\u00e1tico popular.  \n\nPara ello, organiz\u00f3 su trabajo con el fin de ampliar su capacidad de escucha hacia especialistas e investigadores (de la academia, de los movimientos sociales y de fundaciones partidarias), as\u00ed como de producir investigaciones propias a trav\u00e9s del N\u00facleo de Opini\u00f3n P\u00fablica, Investigaciones y Estudios de la FPA (NOPPE).  \n\nLas actividades y publicaciones del CASB expresan el proyecto conjunto de las Fundaciones asociadas. Incluyen opiniones plurales de integrantes e invitados, que no representan necesariamente la posici\u00f3n institucional de las Fundaciones participantes del CASB.<\/p>\n\n\n\n<div class=\"wp-block-cover alignfull is-light\" id=\"trajetoria\"><span aria-hidden=\"true\" class=\"wp-block-cover__background has-secondary-light-background-color has-background-dim-100 has-background-dim\"><\/span><div class=\"wp-block-cover__inner-container is-layout-constrained wp-block-cover-is-layout-constrained\">\n<h2 class=\"wp-block-heading has-x-large-font-size\">Trayectoria del CASB<\/h2>\n\n\n\n<figure class=\"wp-block-image size-full\"><img loading=\"lazy\" decoding=\"async\" width=\"977\" height=\"328\" src=\"https:\/\/fpabramo.org.br\/wp-content\/uploads\/2026\/01\/trajetoriacasb.webp\" alt=\"imagen de la trayectoria del CASB\" class=\"wp-image-117105\" srcset=\"https:\/\/fpabramo.org.br\/wp-content\/uploads\/2026\/01\/trajetoriacasb.webp 977w, https:\/\/fpabramo.org.br\/wp-content\/uploads\/2026\/01\/trajetoriacasb-300x101.webp 300w, https:\/\/fpabramo.org.br\/wp-content\/uploads\/2026\/01\/trajetoriacasb-150x50.webp 150w, https:\/\/fpabramo.org.br\/wp-content\/uploads\/2026\/01\/trajetoriacasb-768x258.webp 768w\" sizes=\"auto, (max-width: 977px) 100vw, 977px\" \/><\/figure>\n<\/div><\/div>\n\n\n\n<div class=\"wp-block-cover alignfull is-light\"><span aria-hidden=\"true\" class=\"wp-block-cover__background has-secondary-pure-background-color has-background-dim-100 has-background-dim\"><\/span><div class=\"wp-block-cover__inner-container is-layout-constrained wp-block-cover-is-layout-constrained\">\n<h2 class=\"wp-block-heading has-x-large-font-size\">Comisi\u00f3n Organizadora del CASB<\/h2>\n\n\n\n<div class=\"wp-block-columns is-layout-flex wp-container-core-columns-is-layout-28f84493 wp-block-columns-is-layout-flex\">\n<div class=\"wp-block-column is-layout-flow wp-block-column-is-layout-flow\">\n<div class=\"wp-block-columns is-layout-flex wp-container-core-columns-is-layout-28f84493 wp-block-columns-is-layout-flex\">\n<div class=\"wp-block-column is-layout-flow wp-block-column-is-layout-flow\">\n<figure class=\"wp-block-image size-full\"><img loading=\"lazy\" decoding=\"async\" width=\"134\" height=\"135\" src=\"https:\/\/fpabramo.org.br\/wp-content\/uploads\/2026\/01\/logoFPA.webp\" alt=\"logo fpa\" class=\"wp-image-117106\"\/><\/figure>\n<\/div>\n\n\n\n<div class=\"wp-block-column is-layout-flow wp-block-column-is-layout-flow\">\n<figure class=\"wp-block-image size-full\"><img loading=\"lazy\" decoding=\"async\" width=\"136\" height=\"135\" src=\"https:\/\/fpabramo.org.br\/wp-content\/uploads\/2026\/01\/logoFRL.webp\" alt=\"logo fundaci\u00f3n Rosa Luxemburgo\" class=\"wp-image-117107\"\/><\/figure>\n<\/div>\n<\/div>\n\n\n\n<div class=\"wp-block-columns is-layout-flex wp-container-core-columns-is-layout-28f84493 wp-block-columns-is-layout-flex\">\n<div class=\"wp-block-column is-layout-flow wp-block-column-is-layout-flow\">\n<figure class=\"wp-block-image size-full\"><img loading=\"lazy\" decoding=\"async\" width=\"134\" height=\"135\" src=\"https:\/\/fpabramo.org.br\/wp-content\/uploads\/2026\/01\/logoFLCMF.webp\" alt=\"logo FLCMF\" class=\"wp-image-117108\"\/><\/figure>\n<\/div>\n\n\n\n<div class=\"wp-block-column is-layout-flow wp-block-column-is-layout-flow\">\n<figure class=\"wp-block-image size-full\"><img loading=\"lazy\" decoding=\"async\" width=\"131\" height=\"131\" src=\"https:\/\/fpabramo.org.br\/wp-content\/uploads\/2026\/01\/logoGrabois.webp\" alt=\"logo Grabois\" class=\"wp-image-117109\"\/><\/figure>\n<\/div>\n<\/div>\n<\/div>\n\n\n\n<div class=\"wp-block-column is-layout-flow wp-block-column-is-layout-flow\">\n<p>La Comisi\u00f3n de Organizaci\u00f3n est\u00e1 compuesta por las tres fundaciones partidarias de Brasil (PT, PSOL, PCdoB) y por la fundaci\u00f3n alemana Die Linke. Sus funciones son:<\/p>\n\n\n\n<ol class=\"wp-block-list\">\n<li>Indicar los nombres para el Consejo del CASB;<\/li>\n\n\n\n<li>Proponer y organizar las actividades y reuniones de los Grupos de Trabajo (GT);<\/li>\n\n\n\n<li>Elaborar las investigaciones que se llevar\u00e1n a cabo en el campo;<br>Realizar la gesti\u00f3n general del CASB.<br><br><\/li>\n<\/ol>\n<\/div>\n<\/div>\n<\/div><\/div>\n\n\n\n<div class=\"wp-block-cover alignfull is-light\"><span aria-hidden=\"true\" class=\"wp-block-cover__background has-secondary-pure-background-color has-background-dim-100 has-background-dim\"><\/span><div class=\"wp-block-cover__inner-container is-layout-constrained wp-block-cover-is-layout-constrained\">\n<h2 class=\"wp-block-heading has-x-large-font-size\">Grupos de Trabajo y Paneles Tem\u00e1ticos<\/h2>\n\n\n\n<div class=\"wp-block-columns is-layout-flex wp-container-core-columns-is-layout-28f84493 wp-block-columns-is-layout-flex\">\n<div class=\"wp-block-column is-layout-flow wp-block-column-is-layout-flow\">\n<div class=\"wp-block-columns is-layout-flex wp-container-core-columns-is-layout-28f84493 wp-block-columns-is-layout-flex\">\n<div class=\"wp-block-column is-layout-flow wp-block-column-is-layout-flow\">\n<div class=\"wp-block-group card-sobre-o-casb is-layout-constrained wp-block-group-is-layout-constrained\">\n<div class=\"wp-block-group card-1 is-nowrap is-layout-flex wp-container-core-group-is-layout-6c531013 wp-block-group-is-layout-flex\">\n<h2 class=\"wp-block-heading has-large-font-size\"><img decoding=\"async\" class=\"wp-image-8602\" style=\"width: 40px;\" src=\"http:\/\/localhost\/wp-content\/uploads\/2026\/01\/handyman.webp\" alt=\"\"><img loading=\"lazy\" decoding=\"async\" width=\"40\" height=\"40\" class=\"wp-image-117110\" style=\"width: 40px;\" src=\"https:\/\/fpabramo.org.br\/wp-content\/uploads\/2026\/01\/handyman.webp\" alt=\"\">Mundo del trabajo<\/h2>\n<\/div>\n\n\n\n<p><strong>GT 1<\/strong> &#8211; Las clases trabajadoras<\/p>\n<\/div>\n<\/div>\n<\/div>\n\n\n\n<div class=\"wp-block-columns is-layout-flex wp-container-core-columns-is-layout-28f84493 wp-block-columns-is-layout-flex\">\n<div class=\"wp-block-column is-layout-flow wp-block-column-is-layout-flow\">\n<div class=\"wp-block-group card-sobre-o-casb is-layout-constrained wp-block-group-is-layout-constrained\">\n<div class=\"wp-block-group  card-2 is-nowrap is-layout-flex wp-container-core-group-is-layout-6c531013 wp-block-group-is-layout-flex\">\n<h2 class=\"wp-block-heading has-large-font-size\"><img decoding=\"async\" class=\"wp-image-8601\" style=\"width: 40px;\" src=\"http:\/\/localhost\/wp-content\/uploads\/2026\/01\/cases.webp\" alt=\"\"><img loading=\"lazy\" decoding=\"async\" width=\"40\" height=\"40\" class=\"wp-image-117112\" style=\"width: 40px;\" src=\"https:\/\/fpabramo.org.br\/wp-content\/uploads\/2026\/01\/cases.webp\" alt=\"\u00edcono malet\u00edn\">Estructura del trabajo<\/h2>\n<\/div>\n\n\n\n<p><strong>GT 2<\/strong> &#8211; Extrema derecha en las Fuerzas de Seguridad y las Fuerzas Armadas<\/p>\n\n\n\n<p><strong>GT 3<\/strong> &#8211; Extrema derecha en la producci\u00f3n e interpretaci\u00f3n de las leyes<\/p>\n<\/div>\n<\/div>\n<\/div>\n\n\n\n<div class=\"wp-block-columns is-layout-flex wp-container-core-columns-is-layout-28f84493 wp-block-columns-is-layout-flex\">\n<div class=\"wp-block-column is-layout-flow wp-block-column-is-layout-flow\">\n<div class=\"wp-block-group card-sobre-o-casb is-layout-constrained wp-block-group-is-layout-constrained\">\n<div class=\"wp-block-group card-3 is-nowrap is-layout-flex wp-container-core-group-is-layout-6c531013 wp-block-group-is-layout-flex\">\n<h2 class=\"wp-block-heading has-large-font-size\"><img decoding=\"async\" class=\"wp-image-8600\" style=\"width: 40px;\" src=\"http:\/\/localhost\/wp-content\/uploads\/2026\/01\/handshake.webp\" alt=\"\"><img loading=\"lazy\" decoding=\"async\" width=\"40\" height=\"40\" class=\"wp-image-117113\" style=\"width: 40px;\" src=\"https:\/\/fpabramo.org.br\/wp-content\/uploads\/2026\/01\/handshake.webp\" alt=\"\u00edcono apret\u00f3n de manos\">Apoyo empresarial<\/h2>\n<\/div>\n\n\n\n<p><strong>GT 2<\/strong> &#8211; Extrema derecha en las Fuerzas de Seguridad y las Fuerzas Armadas<\/p>\n\n\n\n<p><strong>GT 3<\/strong> &#8211; Extrema derecha en la producci\u00f3n e interpretaci\u00f3n de las leyes<\/p>\n<\/div>\n<\/div>\n<\/div>\n<\/div>\n\n\n\n<div class=\"wp-block-column is-layout-flow wp-block-column-is-layout-flow\">\n<div class=\"wp-block-group card-sobre-o-casb is-layout-constrained wp-block-group-is-layout-constrained\">\n<div class=\"wp-block-group card-4 is-nowrap is-layout-flex wp-container-core-group-is-layout-6c531013 wp-block-group-is-layout-flex\">\n<h2 class=\"wp-block-heading has-large-font-size\"><img decoding=\"async\" class=\"wp-image-8597\" style=\"width: 40px;\" src=\"http:\/\/localhost\/wp-content\/uploads\/2026\/01\/partner_exchange.webp\" alt=\"\"><img loading=\"lazy\" decoding=\"async\" width=\"40\" height=\"40\" class=\"wp-image-117115\" style=\"width: 40px;\" src=\"https:\/\/fpabramo.org.br\/wp-content\/uploads\/2026\/01\/partner_exchange.webp\" alt=\"\u00edcono intercambio\">Disputa ideol\u00f3gica y capilaridad<\/h2>\n<\/div>\n\n\n\n<p><strong>GT 6<\/strong> &#8211; Religiosidades<\/p>\n\n\n\n<p><strong>GT 7<\/strong> &#8211; Cultura de la violencia: pol\u00edtica de armamento, CAC, clubes de tiro<\/p>\n\n\n\n<p><strong>GT 8<\/strong> &#8211; Violencia en las escuelas, masacres y disputas juveniles<\/p>\n\n\n\n<p><strong>GT 9<\/strong> &#8211; Industria cultural bolsonarista<\/p>\n\n\n\n<p><strong>GT 10<\/strong> &#8211; Los objetivos del bolsonarismo: mujeres y personas trans, personas negras, personas pobres, militantes del PT, nordestinos e ind\u00edgenas<\/p>\n\n\n\n<p><strong>GT 11<\/strong> &#8211; Negacionismo clim\u00e1tico en Brasil<\/p>\n\n\n\n<p><strong>GT 12<\/strong> &#8211; Big Tech y Comunicaci\u00f3n<\/p>\n<\/div>\n<\/div>\n<\/div>\n<\/div><\/div>\n\n","protected":false},"excerpt":{"rendered":"<p>El Centro de An\u00e1lisis de la Sociedad Brasile\u00f1a (CASB) tiene como objetivo profundizar la comprensi\u00f3n de los cambios en la sociedad brasile\u00f1a y producir diagn\u00f3sticos, apoyando a los partidos y al gobierno en la tarea de democratizar la sociedad y sus instituciones, as\u00ed como en la organizaci\u00f3n del campo democr\u00e1tico popular. Para ello, organiz\u00f3 su [&hellip;]<\/p>\n","protected":false},"author":1,"featured_media":0,"parent":0,"menu_order":0,"comment_status":"closed","ping_status":"closed","template":"","meta":{"_eb_attr":"","footnotes":""},"categories":[],"area":[],"projeto":[153],"tema":[],"coauthors":[85],"class_list":["post-125698","page","type-page","status-publish","hentry","projeto-casb"],"_links":{"self":[{"href":"https:\/\/fpabramo.org.br\/es\/wp-json\/wp\/v2\/pages\/125698","targetHints":{"allow":["GET"]}}],"collection":[{"href":"https:\/\/fpabramo.org.br\/es\/wp-json\/wp\/v2\/pages"}],"about":[{"href":"https:\/\/fpabramo.org.br\/es\/wp-json\/wp\/v2\/types\/page"}],"author":[{"embeddable":true,"href":"https:\/\/fpabramo.org.br\/es\/wp-json\/wp\/v2\/users\/1"}],"replies":[{"embeddable":true,"href":"https:\/\/fpabramo.org.br\/es\/wp-json\/wp\/v2\/comments?post=125698"}],"version-history":[{"count":0,"href":"https:\/\/fpabramo.org.br\/es\/wp-json\/wp\/v2\/pages\/125698\/revisions"}],"wp:attachment":[{"href":"https:\/\/fpabramo.org.br\/es\/wp-json\/wp\/v2\/media?parent=125698"}],"wp:term":[{"taxonomy":"category","embeddable":true,"href":"https:\/\/fpabramo.org.br\/es\/wp-json\/wp\/v2\/categories?post=125698"},{"taxonomy":"area","embeddable":true,"href":"https:\/\/fpabramo.org.br\/es\/wp-json\/wp\/v2\/area?post=125698"},{"taxonomy":"projeto","embeddable":true,"href":"https:\/\/fpabramo.org.br\/es\/wp-json\/wp\/v2\/projeto?post=125698"},{"taxonomy":"tema","embeddable":true,"href":"https:\/\/fpabramo.org.br\/es\/wp-json\/wp\/v2\/tema?post=125698"},{"taxonomy":"author","embeddable":true,"href":"https:\/\/fpabramo.org.br\/es\/wp-json\/wp\/v2\/coauthors?post=125698"}],"curies":[{"name":"wp","href":"https:\/\/api.w.org\/{rel}","templated":true}]}}