{"id":120276,"date":"2023-03-22T15:36:33","date_gmt":"2023-03-22T18:36:33","guid":{"rendered":"https:\/\/fpabramo.org.br\/territorializacao\/"},"modified":"2026-02-11T13:48:11","modified_gmt":"2026-02-11T16:48:11","slug":"territorializacao","status":"publish","type":"page","link":"https:\/\/fpabramo.org.br\/es\/territorializacao\/","title":{"rendered":"Territorializaci\u00f3n"},"content":{"rendered":"\n<p>Desde su inicio en 2017, el Proyecto Reconexi\u00f3n Periferias ha sido construido de manera colectiva, contando con la colaboraci\u00f3n de activistas, militantes, colectivos, movimientos, artistas e investigadores de las periferias brasile\u00f1as. A lo largo de estos a\u00f1os, una de nuestras iniciativas para ampliar el di\u00e1logo con los m\u00e1s de 800 colectivos, movimientos sociales y organizaciones de las periferias registrados en nuestro mapeo es lo que llamamos territorializaci\u00f3n.<br>El Proyecto viene realizando actividades de territorializaci\u00f3n desde 2019, a\u00f1o en el que llevamos a cabo cinco encuentros regionales, de Norte a Sur, con parte de nuestra red de organizaciones mapeadas, activistas y militantes perif\u00e9ricos. En 2020, la territorializaci\u00f3n se desarroll\u00f3 a trav\u00e9s de una Convocatoria P\u00fablica que contempl\u00f3 a 28 organizaciones de nuestro mapeo, con el objetivo de fortalecer sus acciones en los territorios.<\/p>\n\n\n\n<p>Fueron seleccionadas organizaciones de todas las regiones del pa\u00eds y con actuaciones en tem\u00e1ticas diversas, que van desde el rap ind\u00edgena hasta la producci\u00f3n de jab\u00f3n, la formaci\u00f3n de liderazgos, la producci\u00f3n audiovisual, transmisiones en vivo tem\u00e1ticas, talleres de fotograf\u00eda y la producci\u00f3n de revistas, cartillas y libros, as\u00ed como iniciativas orientadas a concientizar y apoyar a la poblaci\u00f3n en medio del contexto pand\u00e9mico.<\/p>\n\n\n\n<p>La diversidad y el alcance de las actividades realizadas por las organizaciones seleccionadas reafirman la potencia de la organizaci\u00f3n colectiva presente en las periferias, se\u00f1alando, por un lado, una profunda capacidad de transformaci\u00f3n de las realidades locales y, por otro, la capacidad de adaptaci\u00f3n frente a las imposiciones repentinas que puede traer una tragedia social, como lo demuestra el caso de las entidades que modificaron sus actividades en funci\u00f3n de la pandemia.<\/p>\n\n\n\n<div class=\"wp-block-columns is-layout-flex wp-container-core-columns-is-layout-28f84493 wp-block-columns-is-layout-flex\">\n<div class=\"wp-block-column is-layout-flow wp-block-column-is-layout-flow\">\n<h2 class=\"wp-block-heading has-large-font-size\">Conozca los proyectos seleccionados en la convocatoria p\u00fablica de territorializaci\u00f3n.<\/h2>\n\n\n\n<div class=\"wp-block-buttons is-layout-flex wp-block-buttons-is-layout-flex\">\n<div class=\"wp-block-button\"><a class=\"wp-block-button__link has-primary-pure-background-color has-background wp-element-button\" href=\"https:\/\/fpabramo.org.br\/projetos-contemplados\/\">Proyectos seleccionados<\/a><\/div>\n<\/div>\n<\/div>\n\n\n\n<div class=\"wp-block-column is-vertically-aligned-center is-layout-flow wp-block-column-is-layout-flow\">\n<h2 class=\"wp-block-heading has-large-font-size\">Acceda al informe del proceso de territorializaci\u00f3n.<\/h2>\n\n\n\n<div class=\"wp-block-buttons is-layout-flex wp-block-buttons-is-layout-flex\">\n<div class=\"wp-block-button\"><a class=\"wp-block-button__link has-primary-pure-background-color has-background wp-element-button\" href=\"\/relatorio\">Relat\u00f3rio<\/a><\/div>\n<\/div>\n<\/div>\n<\/div>\n\n\n\n<div class=\"wp-block-cover alignfull\" style=\"padding-top:80px;padding-bottom:80px\" id=\"territorializacao\"><img loading=\"lazy\" decoding=\"async\" width=\"1440\" height=\"604\" class=\"wp-block-cover__image-background wp-image-87002 size-full\" alt=\"\" src=\"https:\/\/fpabramo.org.br\/wp-content\/uploads\/2026\/01\/unsplash_f1p5tnQjPdM.webp\" data-object-fit=\"cover\" srcset=\"https:\/\/fpabramo.org.br\/wp-content\/uploads\/2026\/01\/unsplash_f1p5tnQjPdM.webp 1440w, https:\/\/fpabramo.org.br\/wp-content\/uploads\/2026\/01\/unsplash_f1p5tnQjPdM-300x126.webp 300w, https:\/\/fpabramo.org.br\/wp-content\/uploads\/2026\/01\/unsplash_f1p5tnQjPdM-1024x430.webp 1024w, https:\/\/fpabramo.org.br\/wp-content\/uploads\/2026\/01\/unsplash_f1p5tnQjPdM-150x63.webp 150w, https:\/\/fpabramo.org.br\/wp-content\/uploads\/2026\/01\/unsplash_f1p5tnQjPdM-768x322.webp 768w\" sizes=\"auto, (max-width: 1440px) 100vw, 1440px\" \/><span aria-hidden=\"true\" class=\"wp-block-cover__background has-background-dim-0 has-background-dim\" style=\"background-color:#792d28\"><\/span><div class=\"wp-block-cover__inner-container is-layout-constrained wp-block-cover-is-layout-constrained\">\n<div class=\"wp-block-columns alignwide is-layout-flex wp-container-core-columns-is-layout-28f84493 wp-block-columns-is-layout-flex\">\n<div class=\"wp-block-column is-layout-flow wp-block-column-is-layout-flow\">\n<h2 class=\"wp-block-heading has-hero-font-size\">Vea la webs\u00e9rie<br>Periferia \u00e9 Periferia<\/h2>\n\n\n\n<h3 class=\"wp-block-heading has-large-font-size\">La serie cuenta, en 8 episodios, c\u00f3mo se construy\u00f3 la relaci\u00f3n entre Reconexi\u00f3n Periferias y los colectivos seleccionados<\/h3>\n\n\n\n<figure class=\"wp-block-embed is-type-video is-provider-youtube wp-block-embed-youtube wp-embed-aspect-16-9 wp-has-aspect-ratio\"><div class=\"wp-block-embed__wrapper\">\n<iframe loading=\"lazy\" title=\"#aovivo | Perspectivas 2021: Novos atores e atrizes em cena | Reconex\u00e3o Periferias\" width=\"500\" height=\"281\" src=\"https:\/\/www.youtube.com\/embed\/DZuPUc_wc1c?feature=oembed\" frameborder=\"0\" allow=\"accelerometer; autoplay; clipboard-write; encrypted-media; gyroscope; picture-in-picture; web-share\" referrerpolicy=\"strict-origin-when-cross-origin\" allowfullscreen><\/iframe>\n<\/div><\/figure>\n\n\n\n<div class=\"wp-block-buttons is-layout-flex wp-block-buttons-is-layout-flex\">\n<div class=\"wp-block-button\"><a class=\"wp-block-button__link has-primary-pure-background-color has-background wp-element-button\" href=\"https:\/\/fpabramo.org.br\/es\/territorializacao\/\"><strong>Consulte los episodios<\/strong><\/a><\/div>\n<\/div>\n<\/div>\n<\/div>\n<\/div><\/div>\n","protected":false},"excerpt":{"rendered":"<p>Fortalecendo projetos mapeados de norte a sul do pa\u00eds.<\/p>\n","protected":false},"author":1,"featured_media":0,"parent":0,"menu_order":0,"comment_status":"closed","ping_status":"closed","template":"","meta":{"_eb_attr":"","footnotes":""},"categories":[],"area":[],"projeto":[6916],"tema":[6457],"coauthors":[85,7007],"class_list":["post-120276","page","type-page","status-publish","hentry","projeto-reconexao-periferias","tema-ciudadania"],"_links":{"self":[{"href":"https:\/\/fpabramo.org.br\/es\/wp-json\/wp\/v2\/pages\/120276","targetHints":{"allow":["GET"]}}],"collection":[{"href":"https:\/\/fpabramo.org.br\/es\/wp-json\/wp\/v2\/pages"}],"about":[{"href":"https:\/\/fpabramo.org.br\/es\/wp-json\/wp\/v2\/types\/page"}],"author":[{"embeddable":true,"href":"https:\/\/fpabramo.org.br\/es\/wp-json\/wp\/v2\/users\/1"}],"replies":[{"embeddable":true,"href":"https:\/\/fpabramo.org.br\/es\/wp-json\/wp\/v2\/comments?post=120276"}],"version-history":[{"count":0,"href":"https:\/\/fpabramo.org.br\/es\/wp-json\/wp\/v2\/pages\/120276\/revisions"}],"wp:attachment":[{"href":"https:\/\/fpabramo.org.br\/es\/wp-json\/wp\/v2\/media?parent=120276"}],"wp:term":[{"taxonomy":"category","embeddable":true,"href":"https:\/\/fpabramo.org.br\/es\/wp-json\/wp\/v2\/categories?post=120276"},{"taxonomy":"area","embeddable":true,"href":"https:\/\/fpabramo.org.br\/es\/wp-json\/wp\/v2\/area?post=120276"},{"taxonomy":"projeto","embeddable":true,"href":"https:\/\/fpabramo.org.br\/es\/wp-json\/wp\/v2\/projeto?post=120276"},{"taxonomy":"tema","embeddable":true,"href":"https:\/\/fpabramo.org.br\/es\/wp-json\/wp\/v2\/tema?post=120276"},{"taxonomy":"author","embeddable":true,"href":"https:\/\/fpabramo.org.br\/es\/wp-json\/wp\/v2\/coauthors?post=120276"}],"curies":[{"name":"wp","href":"https:\/\/api.w.org\/{rel}","templated":true}]}}