{"id":116345,"date":"2026-01-06T10:45:16","date_gmt":"2026-01-06T13:45:16","guid":{"rendered":"https:\/\/fpabramo.org.br\/sobre-a-editora-fpa\/"},"modified":"2026-02-03T08:49:37","modified_gmt":"2026-02-03T11:49:37","slug":"sobre-a-editora-fpa","status":"publish","type":"page","link":"https:\/\/fpabramo.org.br\/es\/editora\/sobre-a-editora-fpa\/","title":{"rendered":"Sobre a editora FPA"},"content":{"rendered":"\n<div class=\"wp-block-cover alignfull\" style=\"min-height:120px;aspect-ratio:unset;\"><img loading=\"lazy\" decoding=\"async\" width=\"1024\" height=\"85\" class=\"wp-block-cover__image-background wp-image-86513 size-large\" alt=\"\" src=\"https:\/\/fpabramo.org.br\/wp-content\/uploads\/2026\/01\/bannerLivros-1024x85.webp\" data-object-fit=\"cover\" srcset=\"https:\/\/fpabramo.org.br\/wp-content\/uploads\/2026\/01\/bannerLivros-1024x85.webp 1024w, https:\/\/fpabramo.org.br\/wp-content\/uploads\/2026\/01\/bannerLivros-300x25.webp 300w, https:\/\/fpabramo.org.br\/wp-content\/uploads\/2026\/01\/bannerLivros-768x64.webp 768w, https:\/\/fpabramo.org.br\/wp-content\/uploads\/2026\/01\/bannerLivros.webp 1440w\" sizes=\"auto, (max-width: 1024px) 100vw, 1024px\" \/><span aria-hidden=\"true\" class=\"wp-block-cover__background has-background-dim-0 has-background-dim\" style=\"background-color:#af080f\"><\/span><div class=\"wp-block-cover__inner-container is-layout-constrained wp-block-cover-is-layout-constrained\">\n<div class=\"wp-block-columns alignwide are-vertically-aligned-center is-layout-flex wp-container-core-columns-is-layout-0348a1d5 wp-block-columns-is-layout-flex\" style=\"padding-right:1rem;padding-left:1rem\">\n<div class=\"wp-block-column is-vertically-aligned-center is-layout-flow wp-block-column-is-layout-flow\">\n<h2 class=\"wp-block-heading\" style=\"font-style:normal;font-weight:500;line-height:1.5\">Acerca de la editorial<\/h2>\n<\/div>\n\n\n\n<div class=\"wp-block-column is-vertically-aligned-center is-layout-flow wp-block-column-is-layout-flow\">\n<p style=\"font-style:normal;font-weight:700\">La Editorial Fundaci\u00f3n Perseu Abramo ofrece libros de su cat\u00e1logo para descarga gratuita, promueve colaboraciones con otras editoriales y fortalece la funci\u00f3n social del libro. Desde su fundaci\u00f3n, la Editorial ha acumulado aproximadamente 500 libros en su colecci\u00f3n.<\/p>\n<\/div>\n<\/div>\n<\/div><\/div>\n\n\n\n<h2 class=\"wp-block-heading has-text-align-center\"><strong>La Editorial<\/strong><\/h2>\n\n\n\n<p>La Editorial Fundaci\u00f3n Perseu Abramo tuvo su primer hito en 1997, al lanzar un libro en homenaje a Perseu Abramo (1929-1996), soci\u00f3logo, periodista y compa\u00f1ero que milit\u00f3 en el Partido de los Trabajadores (PT) desde su formaci\u00f3n en la d\u00e9cada de 1980.<br><br>Antonio Candido presidi\u00f3 el primer consejo editorial de la editorial hasta 2002. Actualmente, nuestro consejo editorial est\u00e1 compuesto por Albino Rubim, Alice Ruiz, Andr\u00e9 Singer, Clarisse Paradis, Concei\u00e7\u00e3o Evaristo, Dainis Karepovs, Emir Sader, Hamilton Pereira, La\u00eds Abramo, Luiz Dulci, Maca\u00e9 Evaristo, Marcio Meira, Maria Rita Kehl, Marisa Midori, Rita Sipahi, Silvio Almeida, Tassia Rabelo y Valter Silv\u00e9rio.<br><br>La editorial destaca por sus importantes autores y obras en el debate de ideas. Esta obra ha captado la atenci\u00f3n de activistas, investigadores, estudiantes y educadores interesados \u200b\u200ben la cultura pol\u00edtica socialista y democr\u00e1tica.<br><br>Podemos citar algunos cl\u00e1sicos publicados por nuestra editorial, como Marilena Chaui (Brasil: mito fundador y sociedad autoritaria, primer volumen de la colecci\u00f3n Historia del pueblo brasile\u00f1o), Michael Lowy (El marxismo en Am\u00e9rica Latina), Alo\u00edsio Biondi (El Brasil privatizado), Jacob Gorender (La esclavitud colonial), Denise Paran\u00e1 (Lula, el hijo de Brasil), John French (Lula y la pol\u00edtica de la astucia), Paul Singer (Introducci\u00f3n a la econom\u00eda solidaria, Una utop\u00eda militante, Desarrollo y crisis), Mario Pedrosa-Leon Trotsky (Revoluci\u00f3n y contrarrevoluci\u00f3n en Alemania). Hemos lanzado Socialismo en Debate (cuadernillos resultantes de los debates organizados por la FPA), Brasil Urgente, Cl\u00e1sicos del Pensamiento Radical (propuesto por Antonio Candido, que inclu\u00eda a Jack London, Stuart Mill, Mark Twain, William Morris), Pensamiento Radical (Milton Santos, S\u00e9rgio Buarque de Holanda, Mario Pedrosa, Raymundo Faoro), Colecci\u00f3n MAG (Marco Aur\u00e9lio Garcia), entre otros.<br><br>Nuestras publicaciones contribuyen a la formaci\u00f3n de activistas con an\u00e1lisis cr\u00edticos de la dura realidad de Brasil, desde la esclavitud hasta el capitalismo actual, debatiendo las alternativas socialistas, las experiencias del Partido de los Trabajadores en el gobierno, las luchas sociales y la organizaci\u00f3n de las clases trabajadoras.<br><br>La Editorial Fundaci\u00f3n Perseu Abramo ofrece sus publicaciones en formato electr\u00f3nico de forma gratuita, promueve colaboraciones con otras editoriales y fortalece la funci\u00f3n social del libro. Nuestra Biblioteca Digital ofrece descargas gratuitas en https:\/\/fpabramo.org.br\/livro\/. Desde su fundaci\u00f3n, nuestra Editorial ha acumulado aproximadamente 500 libros en su cat\u00e1logo.<\/p>\n\n\n\n<div class=\"wp-block-buttons is-content-justification-center is-nowrap is-layout-flex wp-container-core-buttons-is-layout-12a27398 wp-block-buttons-is-layout-flex\">\n<div class=\"wp-block-button\"><a class=\"wp-block-button__link has-primary-pure-background-color has-background has-text-align-center wp-element-button\" href=\"https:\/\/fpabramo.org.br\/es\/editora\/livro\/\"><strong>Acceda al cat\u00e1logo de la editorial<\/strong><img decoding=\"async\" class=\"wp-image-7828\" style=\"width: NaNpx;\" src=\"https:\/\/fpabramo.org.br\/wp-content\/uploads\/2025\/12\/menu_book.svg\" alt=\"\"><\/a><\/div>\n<\/div>\n\n\n\n<div style=\"height:66px\" aria-hidden=\"true\" class=\"wp-block-spacer\"><\/div>\n","protected":false},"excerpt":{"rendered":"<p>La Editorial La Editorial Fundaci\u00f3n Perseu Abramo tuvo su primer hito en 1997, al lanzar un libro en homenaje a Perseu Abramo (1929-1996), soci\u00f3logo, periodista y compa\u00f1ero que milit\u00f3 en el Partido de los Trabajadores (PT) desde su formaci\u00f3n en la d\u00e9cada de 1980. Antonio Candido presidi\u00f3 el primer consejo editorial de la editorial hasta [&hellip;]<\/p>\n","protected":false},"author":1,"featured_media":0,"parent":115371,"menu_order":0,"comment_status":"closed","ping_status":"closed","template":"template-editora.php","meta":{"_eb_attr":"","footnotes":""},"categories":[],"area":[],"projeto":[],"tema":[],"coauthors":[85,7007],"class_list":["post-116345","page","type-page","status-publish","hentry"],"_links":{"self":[{"href":"https:\/\/fpabramo.org.br\/es\/wp-json\/wp\/v2\/pages\/116345","targetHints":{"allow":["GET"]}}],"collection":[{"href":"https:\/\/fpabramo.org.br\/es\/wp-json\/wp\/v2\/pages"}],"about":[{"href":"https:\/\/fpabramo.org.br\/es\/wp-json\/wp\/v2\/types\/page"}],"author":[{"embeddable":true,"href":"https:\/\/fpabramo.org.br\/es\/wp-json\/wp\/v2\/users\/1"}],"replies":[{"embeddable":true,"href":"https:\/\/fpabramo.org.br\/es\/wp-json\/wp\/v2\/comments?post=116345"}],"version-history":[{"count":0,"href":"https:\/\/fpabramo.org.br\/es\/wp-json\/wp\/v2\/pages\/116345\/revisions"}],"up":[{"embeddable":true,"href":"https:\/\/fpabramo.org.br\/es\/wp-json\/wp\/v2\/pages\/115371"}],"wp:attachment":[{"href":"https:\/\/fpabramo.org.br\/es\/wp-json\/wp\/v2\/media?parent=116345"}],"wp:term":[{"taxonomy":"category","embeddable":true,"href":"https:\/\/fpabramo.org.br\/es\/wp-json\/wp\/v2\/categories?post=116345"},{"taxonomy":"area","embeddable":true,"href":"https:\/\/fpabramo.org.br\/es\/wp-json\/wp\/v2\/area?post=116345"},{"taxonomy":"projeto","embeddable":true,"href":"https:\/\/fpabramo.org.br\/es\/wp-json\/wp\/v2\/projeto?post=116345"},{"taxonomy":"tema","embeddable":true,"href":"https:\/\/fpabramo.org.br\/es\/wp-json\/wp\/v2\/tema?post=116345"},{"taxonomy":"author","embeddable":true,"href":"https:\/\/fpabramo.org.br\/es\/wp-json\/wp\/v2\/coauthors?post=116345"}],"curies":[{"name":"wp","href":"https:\/\/api.w.org\/{rel}","templated":true}]}}