{"id":146622,"date":"2020-12-16T20:01:20","date_gmt":"2020-12-16T23:01:20","guid":{"rendered":"https:\/\/fpabramo.org.br\/sobre-a-diretoria-de-formacao\/"},"modified":"2026-04-13T14:07:27","modified_gmt":"2026-04-13T17:07:27","slug":"sobre-a-diretoria-de-formacao","status":"publish","type":"page","link":"https:\/\/fpabramo.org.br\/en\/sobre-a-diretoria-de-formacao\/","title":{"rendered":"Sobre a Diretoria de Forma\u00e7\u00e3o"},"content":{"rendered":"\n<h1 class=\"wp-block-heading\"><b>O Projeto<\/b><\/h1>\n\n\n\n<div style=\"height:21px\" aria-hidden=\"true\" class=\"wp-block-spacer\"><\/div>\n\n\n\n<p>Desde 2013 a Funda\u00e7\u00e3o Perseu Abramo tem se dedicado ao projeto de Forma\u00e7\u00e3o Pol\u00edtica, formulando cursos para a base da milit\u00e2ncia partid\u00e1ria, movimentos sociais, dirigentes e gestores p\u00fablicos de esquerda, sempre com o objetivo de congregar a milit\u00e2ncia para o debate pol\u00edtico e permitir a reflex\u00e3o sobre as estrat\u00e9gias de organiza\u00e7\u00e3o e prepara\u00e7\u00e3o para os desafios e enfrentamentos atuais.<span class=\"Apple-converted-space\">&nbsp;<\/span><\/p>\n\n\n\n<p>At\u00e9 hoje j\u00e1 atendemos milhares de pessoas, atrav\u00e9s de semin\u00e1rios, cursos e atividades abertas ao p\u00fablico. Procuramos atender as mais diversas demandas atrav\u00e9s dos anos, sempre atualizando nossos conte\u00fados e plataformas de ensino.<span class=\"Apple-converted-space\">&nbsp;<\/span><\/p>\n\n\n\n<p>A <b>Diretoria de Forma\u00e7\u00e3o<\/b>, hoje liderada por Jorge Bittar, tem buscado ampliar os temas e formatos dos nossos cursos, contemplando os nossos maiores desafios atuais no enfrentamento ao fascismo e retrocesso vigentes no Brasil, sempre levando em considera\u00e7\u00e3o a import\u00e2ncia da forma\u00e7\u00e3o e dos estudos pol\u00edticos para a melhoria da a\u00e7\u00e3o pol\u00edtica de esquerda em todo o pa\u00eds.<\/p>\n\n\n\n<p>Para atingir o m\u00e1ximo de pessoas, a partir de agora, <b>a Diretoria de Forma\u00e7\u00e3o da FPA passa a disponibilizar todos os nossos cursos atrav\u00e9s <a href=\"https:\/\/www.youtube.com\/@FundacaoPerseuAbramo\" target=\"_blank\" rel=\"noopener\">do nosso canal do YouTube<\/a>.<\/b><\/p>\n\n\n\n<p>As v\u00eddeo aulas podem ser acessadas por todos, em qualquer dia e hor\u00e1rio. Dessa forma, cumprimos nosso dever e compromisso de democratizar o debate e a reflex\u00e3o pol\u00edtica.<\/p>\n\n\n\n<p><\/p>\n\n\n\n<h3 class=\"wp-block-heading\"><b>Equipe<\/b><\/h3>\n\n\n\n<div style=\"height:12px\" aria-hidden=\"true\" class=\"wp-block-spacer\"><\/div>\n\n\n\n<p>Diretor de Forma\u00e7\u00e3o<br>JORGE BITTAR<br>Engenheiro Eletr\u00f4nico pelo Instituto Tecnol\u00f3gico da Aeron\u00e1utica (ITA), eleito Deputado Federal pelo PT-RJ por quatro mandatos (1999 a 2015). Presidente da Telebr\u00e1s entre 2015 e 2016. Como organizador e articulista, publicou dois livros sobre as experi\u00eancias petistas de governo: O modo petista de governar (1992) e Governos estaduais: Desafios e avan\u00e7os (2003).<\/p>\n\n\n\n<p>Coordenador de Forma\u00e7\u00e3o<br>JACKSON RIBEIRO<br>Cientista Social formado pela Unesp, Mestre em Ci\u00eancias Humanas e Sociais pela UFABC, com pesquisa sobre as institui\u00e7\u00f5es financeiras do BRICS. Doutor em Economia Pol\u00edtica Mundial tamb\u00e9m pela UFABC, com pesquisa sobre o Foro de S\u00e3o Paulo. \u00c9 presidente do PT de Mogi das Cruzes.<\/p>\n\n\n\n<p>Equipe (em ordem alfab\u00e9tica)<\/p>\n\n\n\n<p>DANILO ALVES DA CONCEI\u00c7\u00c3O<br>Licenciado em Filosofia pela Universidade Cat\u00f3lica de Santos (2009) e mestre em Ci\u00eancias Humanas e Sociais pela Universidade Federal do ABC (2017). Possui 20 anos de experi\u00eancia na \u00e1rea da educa\u00e7\u00e3o, dos quais 15 foram dedicados \u00e0 Rede P\u00fablica Estadual Paulista. Filiado \u00e0 APEOESP. \u00c9 membro do Diret\u00f3rio Municipal do PT de Santos e, pela segunda vez, o primeiro suplente do Partido dos Trabalhadores na C\u00e2mara Municipal, tendo alcan\u00e7ado 1.548 votos no \u00faltimo pleito.<\/p>\n\n\n\n<p>EMILY IDALGO<br>Gestora ambiental formada pelo Instituto Federal de S\u00e3o Paulo \u2013 Campus S\u00e3o Roque. Militante por justi\u00e7a social e ambiental. Foi vereadora em Mairinque\/SP (2021\u20132024), eleita aos 20 anos como a mais jovem da hist\u00f3ria do munic\u00edpio e do PT no estado de S\u00e3o Paulo. Desenvolve projetos de agricultura urbana em parceria com o IFSP \u2013 Campus S\u00e3o Roque e comp\u00f5e a Comiss\u00e3o de Meio Ambiente e Urbanismo da OAB-Mairinque.<\/p>\n\n\n\n<p>IVAN PAIX\u00c3O<br>Economista formado na FACAMP. Mestre em Economia Pol\u00edtica pela PUC-SP, com pesquisa sobre a economia brasileira perante a crise internacional de 2008. Doutorando em Desenvolvimento Econ\u00f4mico na UNICAMP, com pesquisa sobre os Planos Quinquenais e as metas de empregos urbanos na China. \u00c9 professor de Economia Brasileira na Unip.<\/p>\n\n\n\n<p>LUANA FORLINI<br>Internacionalista, mestre e doutoranda em Ci\u00eancia Pol\u00edtica pela Universidade Estadual de Campinas (Unicamp). Realiza pesquisa sobre a rela\u00e7\u00e3o entre Estado e classes sociais. Participou do grupo da conjuntura da Funda\u00e7\u00e3o Perseu Abramo (2017-2021) e foi supervisora assistente da Maestria em Estado, Governo e Pol\u00edticas P\u00fablicas (2018-2023).<\/p>\n\n\n\n<p>PIETRO BORSARI<br>Economista, mestre e doutor em Desenvolvimento Econ\u00f4mico (Unicamp), com \u00eanfase na \u00e1rea de Economia Social e do Trabalho. Pesquisador de p\u00f3s-doutorado da Unicamp, no Centro de Estudos Sindicais e do Trabalho do Instituto de Economia, com investiga\u00e7\u00f5es sobre o Mundo do Trabalho e as Pol\u00edticas Sociais contempor\u00e2neos. Em 2022, participou da coordena\u00e7\u00e3o da pesquisa \u201cRetrato do Trabalho Informal no Brasil \u2013 dos desafios aos caminhos de solu\u00e7\u00e3o\u201d (Instituto Veredas). Comp\u00f5e a equipe de Forma\u00e7\u00e3o da Funda\u00e7\u00e3o Perseu Abramo desde abril de 2024.<\/p>\n\n\n\n<p>PRISCILA MOREIRA<br>Bacharel em Administra\u00e7\u00e3o de Empresas. Ingressou no setor p\u00fablico em 2010 na Prefeitura Municipal de Osasco na Secretaria de Desenvolvimento, Trabalho e Inclus\u00e3o (SDTI). Participou na elabora\u00e7\u00e3o do livro Planejamento P\u00fablico e Gest\u00e3o por Resultados: uma experi\u00eancia municipal aplicada (2016, Editora&nbsp;Hucitec).<\/p>\n\n\n\n<p>THIAGO MITUSHIMA<br>Bacharel em Arquitetura e Urbanismo pela Universidade de S\u00e3o Paulo (USP). Desenvolve pesquisas nas \u00e1reas de pol\u00edticas habitacionais e or\u00e7amento p\u00fablico. Foi diretor de Direitos Humanos da Uni\u00e3o Estadual dos Estudantes de S\u00e3o Paulo (UEE-SP), no per\u00edodo de 2021 a 2023, e diretor de Extens\u00e3o Universit\u00e1ria da Uni\u00e3o Nacional dos Estudantes (UNE), de 2023 a 2025.<\/p>\n\n\n\n<div style=\"height:17px\" aria-hidden=\"true\" class=\"wp-block-spacer\"><\/div>\n\n\n\n<h3 class=\"wp-block-heading\"><span class=\"s1\"><b>Contato<\/b><\/span><\/h3>\n\n\n\n<p><span class=\"s1\">E-mail: <\/span><a href=\"mailto:formacao@fpabramo.org.br\"><span class=\"s2\">formacao@fpabramo.org.br<\/span><\/a><\/p>\n\n\n\n<p>WhatsApp:&nbsp;<strong>55 11 92035 1648<\/strong><\/p>\n\n\n\n<p><\/p>\n\n\n\n<p><\/p>\n","protected":false},"excerpt":{"rendered":"<p>O Projeto Desde 2013 a Funda\u00e7\u00e3o Perseu Abramo tem se dedicado ao projeto de Forma\u00e7\u00e3o Pol\u00edtica, formulando cursos para a base da milit\u00e2ncia partid\u00e1ria, movimentos sociais, dirigentes e gestores p\u00fablicos de esquerda, sempre com o objetivo de congregar a milit\u00e2ncia para o debate pol\u00edtico e permitir a reflex\u00e3o sobre as estrat\u00e9gias de organiza\u00e7\u00e3o e prepara\u00e7\u00e3o [&hellip;]<\/p>\n","protected":false},"author":54,"featured_media":0,"parent":0,"menu_order":0,"comment_status":"closed","ping_status":"closed","template":"","meta":{"_eb_attr":"","footnotes":""},"categories":[7350],"area":[130],"projeto":[],"tema":[],"coauthors":[6861],"class_list":["post-146622","page","type-page","status-publish","hentry","category-institutional","area-formacao-fpa"],"_links":{"self":[{"href":"https:\/\/fpabramo.org.br\/en\/wp-json\/wp\/v2\/pages\/146622","targetHints":{"allow":["GET"]}}],"collection":[{"href":"https:\/\/fpabramo.org.br\/en\/wp-json\/wp\/v2\/pages"}],"about":[{"href":"https:\/\/fpabramo.org.br\/en\/wp-json\/wp\/v2\/types\/page"}],"author":[{"embeddable":true,"href":"https:\/\/fpabramo.org.br\/en\/wp-json\/wp\/v2\/users\/54"}],"replies":[{"embeddable":true,"href":"https:\/\/fpabramo.org.br\/en\/wp-json\/wp\/v2\/comments?post=146622"}],"version-history":[{"count":1,"href":"https:\/\/fpabramo.org.br\/en\/wp-json\/wp\/v2\/pages\/146622\/revisions"}],"predecessor-version":[{"id":191173,"href":"https:\/\/fpabramo.org.br\/en\/wp-json\/wp\/v2\/pages\/146622\/revisions\/191173"}],"wp:attachment":[{"href":"https:\/\/fpabramo.org.br\/en\/wp-json\/wp\/v2\/media?parent=146622"}],"wp:term":[{"taxonomy":"category","embeddable":true,"href":"https:\/\/fpabramo.org.br\/en\/wp-json\/wp\/v2\/categories?post=146622"},{"taxonomy":"area","embeddable":true,"href":"https:\/\/fpabramo.org.br\/en\/wp-json\/wp\/v2\/area?post=146622"},{"taxonomy":"projeto","embeddable":true,"href":"https:\/\/fpabramo.org.br\/en\/wp-json\/wp\/v2\/projeto?post=146622"},{"taxonomy":"tema","embeddable":true,"href":"https:\/\/fpabramo.org.br\/en\/wp-json\/wp\/v2\/tema?post=146622"},{"taxonomy":"author","embeddable":true,"href":"https:\/\/fpabramo.org.br\/en\/wp-json\/wp\/v2\/coauthors?post=146622"}],"curies":[{"name":"wp","href":"https:\/\/api.w.org\/{rel}","templated":true}]}}