{"id":125761,"date":"2026-02-06T10:12:50","date_gmt":"2026-02-06T13:12:50","guid":{"rendered":"https:\/\/fpabramo.org.br\/sobre-a-fpa\/"},"modified":"2026-02-10T16:50:35","modified_gmt":"2026-02-10T19:50:35","slug":"sobre-a-fpa","status":"publish","type":"page","link":"https:\/\/fpabramo.org.br\/en\/sobre-a-fpa\/","title":{"rendered":"Sobre a FPA"},"content":{"rendered":"\n<h2 class=\"wp-block-heading has-text-align-center\">History<\/h2>\n\n\n\n<p>The Perseu Abramo Foundation was established by the Workers&#8217; Party (PT) by decision of its National Directorate on May 5, 1996. This decision paved the way for the realization of a long-standing aspiration of the PT, which was to create a space, outside of party structures, for the development of activities such as political and ideological reflection, the promotion of debates, studies, and research, with the breadth and plurality of opinions that are rarely found in the day-to-day struggles of a political party. An experience in creating an institution of this nature had already been attempted: the Wilson Pinheiro Foundation, which functioned for some time, supported by the participation of some of the most prominent intellectuals and leaders of the Party, but eventually collapsed for various reasons, including the instability of financial resources.<\/p>\n\n\n\n<div style=\"height:32px\" aria-hidden=\"true\" class=\"wp-block-spacer\"><\/div>\n\n\n\n<figure class=\"wp-block-image size-full\"><img loading=\"lazy\" decoding=\"async\" width=\"670\" height=\"268\" src=\"https:\/\/fpabramo.org.br\/wp-content\/uploads\/2026\/02\/Rectangle-759.webp\" alt=\"\" class=\"wp-image-121123\" srcset=\"https:\/\/fpabramo.org.br\/wp-content\/uploads\/2026\/02\/Rectangle-759.webp 670w, https:\/\/fpabramo.org.br\/wp-content\/uploads\/2026\/02\/Rectangle-759-300x120.webp 300w, https:\/\/fpabramo.org.br\/wp-content\/uploads\/2026\/02\/Rectangle-759-150x60.webp 150w\" sizes=\"auto, (max-width: 670px) 100vw, 670px\" \/><\/figure>\n\n\n\n<div style=\"height:32px\" aria-hidden=\"true\" class=\"wp-block-spacer\"><\/div>\n\n\n\n<p>The Wilson Pinheiro Foundation no longer exists, but the idea that inspired it never died within the party; on the contrary, it matured based on previous experience and became a firm conviction of the National Directorate. The viability of the project received a major boost with the guarantee of a permanent financial base, provided by the creation of the Party Fund. This fund was established by article 38 of the Law of Political Parties (Law 9.096 of September 19, 1995); the same law also stipulated, in item IV of its article 44, that at least 20% of the funds allocated to parties under this title should be applied to the creation and maintenance of an institute or foundation for research, indoctrination, and political education.<\/p>\n\n\n\n<p>At that time (late 1995 and early 1996), Perseu Abramo, who had assumed the role of National Secretary for Political Training, began developing studies for the establishment of the future institute or foundation, consulting on the advantages and disadvantages of each of these models, preparing some basic documents on the subject, and even formulating a preliminary project outlining the institution&#8217;s lines of work. Perseu dedicated a large part of his efforts, in the last months of his life, to this work.<\/p>\n\n\n\n<p>The next step began with the decision of the National Board, which opted for the creation of a foundation. The choice of this model \u2013 given that foundations are audited and must report to the Public Prosecutor&#8217;s Office through the Foundations Curatorship \u2013 was deliberate, to guarantee the rigor and transparency of all actions to be carried out by the institution. Having made this choice, a small group of people who had followed the previous discussions was tasked by the National Board with continuing \u2013 based on the ideas already outlined by Perseu \u2013 the preliminary studies to define the legal basis, objectives, and program of activities of the new foundation.<\/p>\n\n\n\n<p>The two documents prepared for this purpose: one defining the &#8220;Elements for a work plan&#8221; and the other containing the Foundation&#8217;s statutes, were unanimously approved at the DN meeting on 5\/5\/96.<\/p>\n\n\n\n<p><strong>The following definitions were thus established:<\/strong><\/p>\n\n\n\n<p>The Foundation&#8217;s nature, as a private law institution established by the Workers&#8217; Party but with legal and administrative autonomy, headquartered in S\u00e3o Paulo but with a national scope, &#8220;has as its purposes research, doctrinal development, and contributing to the political education of members of the Workers&#8217; Party and the Brazilian working people.&#8221;<\/p>\n\n\n\n<p><strong>The constituent bodies of the Foundation:<\/strong><\/p>\n\n\n\n<p>I. The Board of Trustees, composed of 21 members to be appointed by the National Board, is responsible not only for the tasks of oversight, approval of accounts, budget and annual work plan, but also for decisions on all important matters such as those relating to any changes to the statutes or assets of the institution, and more than that, for discussing the general lines of work and contributing to the development of the Foundation&#8217;s activities through critical evaluation of ongoing projects and suggestions for new initiatives. Quarterly ordinary meetings are scheduled to fulfill these responsibilities.<br>II. The Executive Board, composed of six members: a president, a vice-president, and four other directors, with responsibilities for planning, guiding, and coordinating the Foundation&#8217;s work, representing the entity externally, including before the Foundations Curatorship, and liaising with party bodies and various segments of society in general.<\/p>\n\n\n\n<p>At the same meeting, the names for the first board of trustees were chosen, based on representativeness criteria that took into account the following factors: the plurality of positions and opinions within the party; regional diversification; the professional and field of activity diversity necessary for the proper execution of the tasks assigned to the Board; and significant participation of women.<\/p>\n\n\n\n<p><strong>The general outlines of the work plan included the following areas of activity:<\/strong><\/p>\n\n\n\n<p>\u2013 Recovery of the memory and history of the PT (Memory and History Project)<br>\u2013 Ideological, political and cultural reflection (Reflection)<br>\u2013 Socialization of accumulated political-ideological-cultural heritage through events, publications, and political education (Theory and Debate Publishing House and Magazine)<br>\u2013 Public opinion research (Public Opinion Center)<\/p>\n\n\n\n<p>The board of directors and the board of trustees immediately began to carry out their duties, developing preliminary tasks such as those inherent to the legal registration of the foundation, the selection and renovation of the temporary headquarters and the purchase of the permanent headquarters, the selection and hiring of the first employees, and the acquisition of the minimum furniture and equipment necessary to begin operations.<\/p>\n\n\n\n<p>Finally, with the Foundation&#8217;s situation now regularized, on October 14, 1996, the board of trustees and the directors took office simultaneously, and on the 19th of the same month, the provisional headquarters of the Perseu Abramo Foundation was inaugurated. In November of the same year, the FPA&#8217;s first public activity was held: the seminar &#8220;The Petista Way of Governing \u2013 3rd Generation&#8221;.<\/p>\n\n\n\n<p><a href=\"https:\/\/fpabramo.org.br\/en\/sobre-perseu-abramo\/\">Click here to learn a little about Perseu Abramo.<\/a><\/p>\n\n\n\n<div style=\"height:20px\" aria-hidden=\"true\" class=\"wp-block-spacer\"><\/div>\n\n\n\n<p><strong>Executive Board<\/strong><\/p>\n\n\n\n<div class=\"wp-block-columns team-columns is-layout-flex wp-container-core-columns-is-layout-28f84493 wp-block-columns-is-layout-flex\">\n<div class=\"wp-block-column is-layout-flow wp-block-column-is-layout-flow\">\n<div class=\"wp-block-group team-member is-layout-constrained wp-block-group-is-layout-constrained\">\n<p class=\"has-text-align-left has-secondary-font-family\" style=\"font-size:18px\"><strong>Brenno C\u00e9sar Gomes de Almeida<\/strong><br>Interim President<\/p>\n<\/div>\n<\/div>\n<\/div>\n\n\n\n<div class=\"wp-block-columns team-columns is-layout-flex wp-container-core-columns-is-layout-28f84493 wp-block-columns-is-layout-flex\">\n<div class=\"wp-block-column is-layout-flow wp-block-column-is-layout-flow\">\n<div class=\"wp-block-group team-member is-layout-constrained wp-block-group-is-layout-constrained\">\n<p class=\"has-text-align-left has-secondary-font-family\" style=\"font-size:18px\"><strong>Elen Coutinho<\/strong><br>Director<\/p>\n<\/div>\n<\/div>\n\n\n\n<div class=\"wp-block-column is-layout-flow wp-block-column-is-layout-flow\">\n<div class=\"wp-block-group team-member is-layout-constrained wp-block-group-is-layout-constrained\">\n<p class=\"has-text-align-left has-secondary-font-family\" style=\"font-size:18px\"><strong>M\u00f4nica Valente<\/strong><br>Director<\/p>\n<\/div>\n<\/div>\n<\/div>\n\n\n\n<div class=\"wp-block-columns team-columns is-layout-flex wp-container-core-columns-is-layout-28f84493 wp-block-columns-is-layout-flex\">\n<div class=\"wp-block-column is-layout-flow wp-block-column-is-layout-flow\">\n<div class=\"wp-block-group team-member is-layout-constrained wp-block-group-is-layout-constrained\">\n<p class=\"has-text-align-left has-secondary-font-family\" style=\"font-size:18px\"><strong>Naiara Torres<\/strong><br>Director<\/p>\n<\/div>\n<\/div>\n\n\n\n<div class=\"wp-block-column is-layout-flow wp-block-column-is-layout-flow\">\n<div class=\"wp-block-group team-member is-layout-constrained wp-block-group-is-layout-constrained\">\n<p class=\"has-text-align-left has-secondary-font-family\" style=\"font-size:18px\"><strong>Alberto Cantalice<\/strong><br>Director<\/p>\n<\/div>\n<\/div>\n<\/div>\n\n\n\n<div class=\"wp-block-columns team-columns is-layout-flex wp-container-core-columns-is-layout-28f84493 wp-block-columns-is-layout-flex\">\n<div class=\"wp-block-column is-layout-flow wp-block-column-is-layout-flow\">\n<div class=\"wp-block-group team-member is-layout-constrained wp-block-group-is-layout-constrained\">\n<p class=\"has-text-align-left has-secondary-font-family\" style=\"font-size:18px\"><strong>Alexandre Macedo de Oliveira<\/strong><br>Director<\/p>\n<\/div>\n<\/div>\n\n\n\n<div class=\"wp-block-column is-layout-flow wp-block-column-is-layout-flow\">\n<div class=\"wp-block-group team-member is-layout-constrained wp-block-group-is-layout-constrained\">\n<p class=\"has-text-align-left has-secondary-font-family\" style=\"font-size:18px\"><strong>Carlos Henrique \u00c1rabe<\/strong><br>Director<\/p>\n<\/div>\n<\/div>\n<\/div>\n\n\n\n<div class=\"wp-block-columns team-columns is-layout-flex wp-container-core-columns-is-layout-28f84493 wp-block-columns-is-layout-flex\">\n<div class=\"wp-block-column is-layout-flow wp-block-column-is-layout-flow\">\n<div class=\"wp-block-group team-member is-layout-constrained wp-block-group-is-layout-constrained\">\n<p class=\"has-text-align-left has-secondary-font-family\" style=\"font-size:18px\"><strong>Jorge Bittar<\/strong><br>Director<\/p>\n<\/div>\n<\/div>\n\n\n\n<div class=\"wp-block-column is-layout-flow wp-block-column-is-layout-flow\">\n<div class=\"wp-block-group team-member is-layout-constrained wp-block-group-is-layout-constrained\">\n<p class=\"has-text-align-left has-secondary-font-family\" style=\"font-size:18px\"><strong>Valter Pomar<\/strong><br>Director<\/p>\n<\/div>\n<\/div>\n<\/div>\n\n\n\n<p><strong>Board of Trustees<\/strong><\/p>\n\n\n\n<p>Eleonora Menicucci (president), Ademar Arthur Chioro dos Reis, Adem\u00e1rio Souza Costa, Ana Carolina Dartora, Ana Maria de Carvalho Fontenele, Azilton Ferreira Viana, Eliane Aquino Cust\u00f3dio, Elisa Guaran\u00e1 de Castro, Esther Bemerguy de Albuquerque, Eva Val\u00e9ria Lorenzatto, Everaldo de Oliveira Andrade, Fernando Damata Pimentel, Fernando Dantas Ferro, Francisco Ferreira Alexandre, Francisco Jos\u00e9 Pinheiro, Helena Wendel Abramo, Jos\u00e9 Zunga Alves de Lima, Juarez Rocha Guimar\u00e3es, Lene Teixeira Souza Gon\u00e7alves, Luciano Cartuxo Pires de S\u00e1, Luiza Machado de Oliveira Menezes, Maria Caramez Carlotto, Maria Isolda Dantas de Moura, Neiva Ribeiro, Pedro Silva Barros, Ramatis Jacino, Rubens Natal Giaquinto, Sergio Aparecido Nobre and Vladimir de Paula Brito.<\/p>\n\n\n\n<div style=\"background-image:url(&apos;https:\/\/fpabramo.org.br\/wp-content\/uploads\/2026\/02\/bannerDadosBG.webp&apos;);background-size:cover;\" class=\"wp-block-group alignfull documents-group is-layout-constrained wp-block-group-is-layout-constrained has-background\">\n<h2 class=\"wp-block-heading has-text-align-left\">Foundation Documents<\/h2>\n\n\n\n    <div class=\"hacklabr-posts-grid-block -gap-large hacklabr-posts-grid-block--desktop-only\" style=\"--grid-columns: 3\">\n        \n<article id=\"post-ID-116628-69d670a409f47\" class=\"post-card post-card--page  swiper-slide\">\n\n    <header class=\"post-card__image\">\n                 <a href=\"https:\/\/fpabramo.org.br\/en\/estatuto-do-partido-dos-trabalhadores\/\" aria-label=\"Statute of Workers Party\">\n                            <img loading=\"lazy\" decoding=\"async\" width=\"170\" height=\"240\" src=\"https:\/\/fpabramo.org.br\/wp-content\/uploads\/2026\/01\/Rectangle-20.webp\" class=\"attachment-card-large size-card-large wp-post-image\" alt=\"imagem do manifesto\" srcset=\"https:\/\/fpabramo.org.br\/wp-content\/uploads\/2026\/01\/Rectangle-20.webp 170w, https:\/\/fpabramo.org.br\/wp-content\/uploads\/2026\/01\/Rectangle-20-106x150.webp 106w\" sizes=\"auto, (max-width: 170px) 100vw, 170px\" \/>                    <\/a>\n    <\/header>\n\n    <div class=\"post-card__content\">\n                    <div class=\"post-card__category\">\n                                    <a class=\"tag tag--solid tag--category-document\"\n                       href=\"https:\/\/fpabramo.org.br\/en\/category\/document\/\">\n                        Document                    <\/a>\n                            <\/div>\n        \n        \n        <h3 class=\"post-card__title\">\n            <a href=\"https:\/\/fpabramo.org.br\/en\/estatuto-do-partido-dos-trabalhadores\/\">Statute of Workers Party<\/a>\n        <\/h3>\n\n        <div class=\"post-card__meta\">\n\n            \n                            <time class=\"post-card__date\">\n                    published                    27\/01\/2026                <\/time>\n            \n        <\/div>\n\n\n        \n        \n        \n    <\/div>\n<\/article>\n\n    <\/div>\n\n        <div class=\"hacklabr-posts-grid-block--slider -gap-large -tablet\">\n        <script type=\"application\/json\" hidden>{\"a11y\":{\"enabled\":true,\"firstSlideMessage\":\"This is the first slide\",\"lastSlideMessage\":\"This is the last slide\",\"nextSlideMessage\":\"Next slide\",\"paginationBulletMessage\":\"Go to slide {{index}}\",\"prevSlideMessage\":\"Previous slide\"},\"autoplay\":false,\"centeredSlides\":false,\"loop\":false,\"navigation\":{\"nextEl\":\".swiper-button-next\",\"prevEl\":\".swiper-button-prev\"},\"pagination\":false,\"rewind\":true,\"slidesPerGroup\":1,\"slidesPerView\":1,\"spaceBetween\":16,\"speed\":300,\"breakpoints\":{\"768\":{\"centeredSlides\":false,\"slidesPerGroup\":1,\"slidesPerView\":1,\"spaceBetween\":16}}}<\/script>\n        <section class=\"swiper\">\n            <div class=\"swiper-wrapper\">\n                            <div class=\"swiper-slide\">\n                \n<article id=\"post-ID-116628-69d670a40a9f3\" class=\"post-card post-card--page  swiper-slide\">\n\n    <header class=\"post-card__image\">\n                 <a href=\"https:\/\/fpabramo.org.br\/en\/estatuto-do-partido-dos-trabalhadores\/\" aria-label=\"Statute of Workers Party\">\n                            <img loading=\"lazy\" decoding=\"async\" width=\"170\" height=\"240\" src=\"https:\/\/fpabramo.org.br\/wp-content\/uploads\/2026\/01\/Rectangle-20.webp\" class=\"attachment-card-large size-card-large wp-post-image\" alt=\"imagem do manifesto\" srcset=\"https:\/\/fpabramo.org.br\/wp-content\/uploads\/2026\/01\/Rectangle-20.webp 170w, https:\/\/fpabramo.org.br\/wp-content\/uploads\/2026\/01\/Rectangle-20-106x150.webp 106w\" sizes=\"auto, (max-width: 170px) 100vw, 170px\" \/>                    <\/a>\n    <\/header>\n\n    <div class=\"post-card__content\">\n                    <div class=\"post-card__category\">\n                                    <a class=\"tag tag--solid tag--category-document\"\n                       href=\"https:\/\/fpabramo.org.br\/en\/category\/document\/\">\n                        Document                    <\/a>\n                            <\/div>\n        \n        \n        <h3 class=\"post-card__title\">\n            <a href=\"https:\/\/fpabramo.org.br\/en\/estatuto-do-partido-dos-trabalhadores\/\">Statute of Workers Party<\/a>\n        <\/h3>\n\n        <div class=\"post-card__meta\">\n\n            \n                            <time class=\"post-card__date\">\n                    published                    27\/01\/2026                <\/time>\n            \n        <\/div>\n\n\n        \n        \n        \n    <\/div>\n<\/article>\n\n                <\/div>\n                        <\/div>\n            <div class=\"swiper-pagination\"><\/div>\n                            <div class=\"swiper-button-prev\">\n                    \n    <svg width=\"40\" height=\"40\" version=\"1.1\" viewBox=\"0 0 40 40\" xmlns=\"http:\/\/www.w3.org\/2000\/svg\">\n        <circle cx=\"20\" cy=\"20\" r=\"20\" fill=\"#fff\"\/>\n        <path d=\"m18.8 20 4.6-4.6-1.4-1.4-6 6 6 6 1.4-1.4z\" fill=\"#1c1b1f\"\/>\n    <\/svg>\n                    <\/div>\n                <div class=\"swiper-button-next\">\n                    \n    <svg width=\"40\" height=\"40\" version=\"1.1\" viewBox=\"0 0 40 40\" xmlns=\"http:\/\/www.w3.org\/2000\/svg\">\n        <circle cx=\"20\" cy=\"20\" r=\"20\" fill=\"#fff\"\/>\n        <path d=\"m20.6 20-4.6-4.6 1.4-1.4 6 6-6 6-1.4-1.4z\" fill=\"#1c1b1f\"\/>\n    <\/svg>\n                    <\/div>\n                    <\/section>\n    <\/div>\n    \n    <\/div>\n\n\n\n<div class=\"wp-block-columns contact-block is-layout-flex wp-container-core-columns-is-layout-28f84493 wp-block-columns-is-layout-flex\">\n<div class=\"wp-block-column is-layout-flow wp-block-column-is-layout-flow\">\n<h2 class=\"wp-block-heading\">Contact us<\/h2>\n\n\n\n<p>Please contact us by email at contato@fpa.org.br<\/p>\n<\/div>\n\n\n\n<div class=\"wp-block-column is-layout-flow wp-block-column-is-layout-flow\">\n<div class=\"wp-block-contact-form-7-contact-form-selector\">\n<div class=\"wpcf7 no-js\" id=\"wpcf7-f125783-o1\" lang=\"pt-BR\" dir=\"ltr\" data-wpcf7-id=\"125783\">\n<div class=\"screen-reader-response\"><p role=\"status\" aria-live=\"polite\" aria-atomic=\"true\"><\/p> <ul><\/ul><\/div>\n<form action=\"\/en\/wp-json\/wp\/v2\/pages\/125761#wpcf7-f125783-o1\" method=\"post\" class=\"wpcf7-form init\" aria-label=\"Formul\u00e1rios de contato\" novalidate=\"novalidate\" data-status=\"init\">\n<fieldset class=\"hidden-fields-container\"><input type=\"hidden\" name=\"_wpcf7\" value=\"125783\" \/><input type=\"hidden\" name=\"_wpcf7_version\" value=\"6.1.5\" \/><input type=\"hidden\" name=\"_wpcf7_locale\" value=\"pt_BR\" \/><input type=\"hidden\" name=\"_wpcf7_unit_tag\" value=\"wpcf7-f125783-o1\" \/><input type=\"hidden\" name=\"_wpcf7_container_post\" value=\"0\" \/><input type=\"hidden\" name=\"_wpcf7_posted_data_hash\" value=\"\" \/><input type=\"hidden\" name=\"_wpcf7_recaptcha_response\" value=\"\" \/>\n<\/fieldset>\n<div class=\"form-group\">\n\t<p><span class=\"wpcf7-form-control-wrap\" data-name=\"nome-completo\"><input size=\"40\" maxlength=\"400\" class=\"wpcf7-form-control wpcf7-text wpcf7-validates-as-required\" aria-required=\"true\" aria-invalid=\"false\" placeholder=\"NOME COMPLETO\" value=\"\" type=\"text\" name=\"nome-completo\" \/><\/span>\n\t<\/p>\n<\/div>\n<div class=\"form-group\">\n\t<p><span class=\"wpcf7-form-control-wrap\" data-name=\"estado\"><select class=\"wpcf7-form-control wpcf7-select wpcf7-validates-as-required\" aria-required=\"true\" aria-invalid=\"false\" name=\"estado\"><option value=\"\">ESTADO<\/option><option value=\"AC\">AC<\/option><option value=\"AL\">AL<\/option><option value=\"AP\">AP<\/option><option value=\"AM\">AM<\/option><option value=\"BA\">BA<\/option><option value=\"CE\">CE<\/option><option value=\"DF\">DF<\/option><option value=\"ES\">ES<\/option><option value=\"GO\">GO<\/option><option value=\"MA\">MA<\/option><option value=\"MT\">MT<\/option><option value=\"MS\">MS<\/option><option value=\"MG\">MG<\/option><option value=\"PA\">PA<\/option><option value=\"PB\">PB<\/option><option value=\"PR\">PR<\/option><option value=\"PE\">PE<\/option><option value=\"PI\">PI<\/option><option value=\"RJ\">RJ<\/option><option value=\"RN\">RN<\/option><option value=\"RS\">RS<\/option><option value=\"RO\">RO<\/option><option value=\"RR\">RR<\/option><option value=\"SC\">SC<\/option><option value=\"SP\">SP<\/option><option value=\"SE\">SE<\/option><option value=\"TO\">TO<\/option><\/select><\/span>\n\t<\/p>\n<\/div>\n<div class=\"form-group\">\n\t<p><span class=\"wpcf7-form-control-wrap\" data-name=\"your-email\"><input size=\"40\" maxlength=\"400\" class=\"wpcf7-form-control wpcf7-email wpcf7-validates-as-required wpcf7-text wpcf7-validates-as-email\" aria-required=\"true\" aria-invalid=\"false\" placeholder=\"E-MAIL\" value=\"\" type=\"email\" name=\"your-email\" \/><\/span>\n\t<\/p>\n<\/div>\n<div class=\"form-group\">\n\t<p><span class=\"wpcf7-form-control-wrap\" data-name=\"mensagem\"><textarea cols=\"40\" rows=\"10\" maxlength=\"2000\" class=\"wpcf7-form-control wpcf7-textarea wpcf7-validates-as-required\" aria-required=\"true\" aria-invalid=\"false\" placeholder=\"ESCREVA AQUI SUA MENSAGEM\" name=\"mensagem\"><\/textarea><\/span>\n\t<\/p>\n<\/div>\n<div class=\"form-group form-terms\">\n\t<p><span class=\"wpcf7-form-control-wrap\" data-name=\"aceite-terms\"><span class=\"wpcf7-form-control wpcf7-acceptance\"><span class=\"wpcf7-list-item\"><input type=\"checkbox\" name=\"aceite-terms\" value=\"1\" aria-invalid=\"false\" \/><\/span><\/span><\/span><br \/>\n<a href=\"https:\/\/fpabramo.org.br\/termos-de-uso\/\">Aceito os Termos de uso e Pol\u00edticas de Privacidade da Funda\u00e7\u00e3o Perseu Abramo.<\/a>\n\t<\/p>\n<\/div>\n<div class=\"form-submit\">\n\t<p><input class=\"wpcf7-form-control wpcf7-submit has-spinner\" type=\"submit\" value=\"Enviar\" \/>\n\t<\/p>\n<\/div><div class=\"wpcf7-response-output\" aria-hidden=\"true\"><\/div>\n<\/form>\n<\/div>\n<\/div>\n<\/div>\n<\/div>\n","protected":false},"excerpt":{"rendered":"<p>History The Perseu Abramo Foundation was established by the Workers&#8217; Party (PT) by decision of its National Directorate on May 5, 1996. This decision paved the way for the realization of a long-standing aspiration of the PT, which was to create a space, outside of party structures, for the development of activities such as political [&hellip;]<\/p>\n","protected":false},"author":1,"featured_media":0,"parent":0,"menu_order":0,"comment_status":"closed","ping_status":"closed","template":"template-institucional.php","meta":{"_eb_attr":"","footnotes":""},"area":[],"projeto":[],"tema":[],"coauthors":[85],"class_list":["post-125761","page","type-page","status-publish","hentry"],"_links":{"self":[{"href":"https:\/\/fpabramo.org.br\/en\/wp-json\/wp\/v2\/pages\/125761","targetHints":{"allow":["GET"]}}],"collection":[{"href":"https:\/\/fpabramo.org.br\/en\/wp-json\/wp\/v2\/pages"}],"about":[{"href":"https:\/\/fpabramo.org.br\/en\/wp-json\/wp\/v2\/types\/page"}],"author":[{"embeddable":true,"href":"https:\/\/fpabramo.org.br\/en\/wp-json\/wp\/v2\/users\/1"}],"replies":[{"embeddable":true,"href":"https:\/\/fpabramo.org.br\/en\/wp-json\/wp\/v2\/comments?post=125761"}],"version-history":[{"count":0,"href":"https:\/\/fpabramo.org.br\/en\/wp-json\/wp\/v2\/pages\/125761\/revisions"}],"wp:attachment":[{"href":"https:\/\/fpabramo.org.br\/en\/wp-json\/wp\/v2\/media?parent=125761"}],"wp:term":[{"taxonomy":"area","embeddable":true,"href":"https:\/\/fpabramo.org.br\/en\/wp-json\/wp\/v2\/area?post=125761"},{"taxonomy":"projeto","embeddable":true,"href":"https:\/\/fpabramo.org.br\/en\/wp-json\/wp\/v2\/projeto?post=125761"},{"taxonomy":"tema","embeddable":true,"href":"https:\/\/fpabramo.org.br\/en\/wp-json\/wp\/v2\/tema?post=125761"},{"taxonomy":"author","embeddable":true,"href":"https:\/\/fpabramo.org.br\/en\/wp-json\/wp\/v2\/coauthors?post=125761"}],"curies":[{"name":"wp","href":"https:\/\/api.w.org\/{rel}","templated":true}]}}